{"id":238,"date":"2021-04-07T14:18:26","date_gmt":"2021-04-07T12:18:26","guid":{"rendered":"https:\/\/digitale-selbstbestimmung.swiss\/?page_id=238"},"modified":"2022-12-20T17:19:43","modified_gmt":"2022-12-20T16:19:43","slug":"238-2","status":"publish","type":"page","link":"https:\/\/digitale-selbstbestimmung.swiss\/home\/en\/238-2\/","title":{"rendered":"About"},"content":{"rendered":"<p>[et_pb_section fb_built=&#8220;1&#8243; _builder_version=&#8220;4.9.2&#8243; _module_preset=&#8220;default&#8220;][et_pb_row _builder_version=&#8220;4.9.2&#8243; _module_preset=&#8220;default&#8220;][et_pb_column type=&#8220;4_4&#8243; _builder_version=&#8220;4.9.2&#8243; _module_preset=&#8220;default&#8220;][et_pb_text _builder_version=&#8220;4.9.2&#8243; _module_preset=&#8220;default&#8220; custom_margin=&#8220;-60px|||||&#8220; hover_enabled=&#8220;0&#8243; sticky_enabled=&#8220;0&#8243;]<\/p>\n<h1><strong><span style=\"font-size: large;\">Background<\/span><\/strong><\/h1>\n<p class=\" translation-block\">The principles of digital self-determination are set out in the Federal Council's Digital Switzerland Strategy and the Digital Foreign Policy Strategy. Against this background, the Digital Self-Determination Network was formed in 2019 so that citizens, companies and public institutions could reap the benefits of the data economy while adhering to the fundamental values of a liberal democratic society.<\/p>\n<p>The following partners are involved in creating and expanding the Digital Self-Determination Network:<\/p>\n<ul>\n<li><span style=\"color: #0c71c3;\"><a style=\"color: #0c71c3;\" href=\"https:\/\/www.eda.admin.ch\/eda\/en\/fdfa.html\" target=\"_blank\" rel=\"noopener\"><strong>FDFA DIL<\/strong><\/a><\/span><\/li>\n<li><span style=\"color: #0c71c3;\"><a style=\"color: #0c71c3;\" href=\"https:\/\/www.bakom.admin.ch\/bakom\/en\/homepage.html\" target=\"_blank\" rel=\"noopener\"><strong>OFCOM<\/strong><\/a><\/span><\/li>\n<li><span style=\"color: #0c71c3;\"><a style=\"color: #0c71c3;\" href=\"https:\/\/www.satw.ch\/en\/\" target=\"_blank\" rel=\"noopener\"><strong>SATW<\/strong><\/a><\/span><\/li>\n<li><a href=\"https:\/\/www.swissdataalliance.ch\/\" target=\"_blank\" rel=\"noopener\"><span style=\"color: #0c71c3;\"><strong>SWISS DATA ALLIANCE<\/strong>\u00a0<\/span><\/a><\/li>\n<\/ul>\n<p><strong>Mission and objectives<br \/>\n<\/strong>The network was created to promote digital self-determination in Switzerland. Our society should enjoy the full potential of the data economy while still upholding our democratic values. All stakeholder groups need to work together and contribute to building common digital platforms and data spaces that are secure and trusted. Only then can we harness the added value they bring for the benefit of all.<\/p>\n<p><strong>Principles<br \/>\n<\/strong>Implementing digital self-determination is only possible if the following basic principles are in place:<\/p>\n<ol>\n<li><strong>Trust:<\/strong>transparency about who has access to which data and for what purpose data is being collected and processed is a key factor in ensuring traceability and thus social trust in the digital transformation process.<\/li>\n<li><strong>Control and self-determined transfer of data:<\/strong> citizens have control over their personal data. They can access all data relevant to their decisions, decide on the significance and potential value of this data and, on this basis, determine how it may be used by third parties.<\/li>\n<li><strong>User-centric, data-driven ecosystems: <\/strong>data-driven ecosystems give users more choice and offer solutions tailored to their specific needs. Users are able to choose varying degrees of disclosure for their data and are clearly informed about these choices. Individuals are free to transfer their own data efficiently to other service providers.<\/li>\n<li><strong>Decentralisation and proximity to citizens: <\/strong>data is controlled by different stakeholders instead of being concentrated in the hands of technology giants or state institutions. Decentralised data governance helps to prevent abuses of power. Data collaborations create new possibilities for the use of data and improve the services available at local and regional levels.<\/li>\n<\/ol>\n<h1><strong>The network's functions\/activities:<\/strong><\/h1>\n<ol>\n<li>Creating opportunities for all interested parties to exchange information on a range of topics, activities and lessons learned about trusted data spaces and digital self-determination<\/li>\n<li>Networking of stakeholders, suggestions for collaborations and support for initiating and implementing trusted data spaces<\/li>\n<li>Consultation forum for public decision-makers<\/li>\n<li>Support and funding for data collaborations (sector-specific and\/or cross-sectoral)<\/li>\n<li>Opportunities to organise events<\/li>\n<li>Opportunities to write discussion papers<\/li>\n<\/ol>\n<p><strong>Members<br \/>\n<\/strong>The network consists of committed actors from all stakeholder groups in Switzerland. It is open to all individuals, companies and organisations interested in sharing and supporting the concept of digital self-determination.<\/p>\n<p>[\/et_pb_text][\/et_pb_column][\/et_pb_row][et_pb_row _builder_version=&#8220;4.9.2&#8243; _module_preset=&#8220;default&#8220; custom_padding=&#8220;40px|||||&#8220;][et_pb_column type=&#8220;4_4&#8243; _builder_version=&#8220;4.9.2&#8243; _module_preset=&#8220;default&#8220;][et_pb_text _builder_version=&#8220;4.9.2&#8243; _module_preset=&#8220;default&#8220; hover_enabled=&#8220;0&#8243; sticky_enabled=&#8220;0&#8243;]<\/p>\n<p><strong>How can I join the network?<br \/>\n<\/strong>Interested individuals and legal entities registered in Switzerland can become members of the network and participate in the cross-sectoral and\/or sector-specific working groups and workshops.<\/p>\n<p>[\/et_pb_text][\/et_pb_column][\/et_pb_row][et_pb_row _builder_version=&#8220;4.9.2&#8243; _module_preset=&#8220;default&#8220;][et_pb_column type=&#8220;4_4&#8243; _builder_version=&#8220;4.9.2&#8243; _module_preset=&#8220;default&#8220;][et_pb_button button_url=&#8220;@ET-DC@eyJkeW5hbWljIjp0cnVlLCJjb250ZW50IjoicG9zdF9saW5rX3VybF9wYWdlIiwic2V0dGluZ3MiOnsicG9zdF9pZCI6IjM0NiJ9fQ==@&#8220; button_text=&#8220; Mitglied werden&#8220; button_alignment=&#8220;center&#8220; _builder_version=&#8220;4.9.2&#8243; _dynamic_attributes=&#8220;button_url&#8220; _module_preset=&#8220;default&#8220; custom_button=&#8220;on&#8220; button_text_size=&#8220;25px&#8220; button_text_color=&#8220;#FFFFFF&#8220; button_bg_color=&#8220;#E02B20&#8243; button_border_radius=&#8220;10px&#8220;][\/et_pb_button][\/et_pb_column][\/et_pb_row][\/et_pb_section]<\/p>","protected":false},"excerpt":{"rendered":"<p>[et_pb_section fb_built=&#8220;1&#8243; _builder_version=&#8220;4.9.2&#8243; _module_preset=&#8220;default&#8220;][et_pb_row _builder_version=&#8220;4.9.2&#8243; _module_preset=&#8220;default&#8220;][et_pb_column type=&#8220;4_4&#8243; _builder_version=&#8220;4.9.2&#8243; _module_preset=&#8220;default&#8220;][et_pb_text _builder_version=&#8220;4.9.2&#8243; _module_preset=&#8220;default&#8220; custom_margin=&#8220;-60px|||||&#8220; hover_enabled=&#8220;0&#8243; sticky_enabled=&#8220;0&#8243;] Hintergrund Die Grunds\u00e4tze der digitalen Selbstbestimmung sind in der bundesr\u00e4tlichen Strategie \u00abDigitale Schweiz\u00bb sowie der \u00abDigitalaussenpolitik\u00bb festgelegt. In diesem Kontext hat sich 2019 das Netzwerk \u00abDigitale Selbstbestimmung\u00bb formiert, um B\u00fcrgerinnen und B\u00fcrgern, Unternehmen und \u00f6ffentlichen Einrichtungen eine Nutzung der Datenwirtschaft auf [&hellip;]<\/p>","protected":false},"author":1,"featured_media":0,"parent":0,"menu_order":0,"comment_status":"closed","ping_status":"closed","template":"","meta":{"_et_pb_use_builder":"on","_et_pb_old_content":"","_et_gb_content_width":"","footnotes":""},"class_list":["post-238","page","type-page","status-publish","hentry"],"yoast_head":"<!-- This site is optimized with the Yoast SEO plugin v22.5 - https:\/\/yoast.com\/wordpress\/plugins\/seo\/ -->\n<title>About - Digitale Selbstbestimmung<\/title>\n<meta name=\"description\" content=\"Die Grunds\u00e4tze der digitalen Selbstbestimmung sind in der bundesr\u00e4tlichen Strategie \u00abDigitale Schweiz\u00bb sowie der \u00abDigitalaussenpolitik\u00bb festgelegt. In diesem Kontext hat sich 2019 das Netzwerk \u00abDigitale Selbstbestimmung\u00bb formiert, um B\u00fcrgerinnen und B\u00fcrgern, Unternehmen und \u00f6ffentlichen Einrichtungen eine Nutzung der Datenwirtschaft auf der Basis freiheitlich-demokratischer Grundwerte zu erm\u00f6glichen.\" \/>\n<meta name=\"robots\" content=\"index, follow, max-snippet:-1, max-image-preview:large, max-video-preview:-1\" \/>\n<link rel=\"canonical\" href=\"https:\/\/digitale-selbstbestimmung.swiss\/home\/en\/238-2\/\" \/>\n<meta property=\"og:locale\" content=\"en_GB\" \/>\n<meta property=\"og:type\" content=\"article\" \/>\n<meta property=\"og:title\" content=\"About - Digitale Selbstbestimmung\" \/>\n<meta property=\"og:description\" content=\"Die Grunds\u00e4tze der digitalen Selbstbestimmung sind in der bundesr\u00e4tlichen Strategie \u00abDigitale Schweiz\u00bb sowie der \u00abDigitalaussenpolitik\u00bb festgelegt. In diesem Kontext hat sich 2019 das Netzwerk \u00abDigitale Selbstbestimmung\u00bb formiert, um B\u00fcrgerinnen und B\u00fcrgern, Unternehmen und \u00f6ffentlichen Einrichtungen eine Nutzung der Datenwirtschaft auf der Basis freiheitlich-demokratischer Grundwerte zu erm\u00f6glichen.\" \/>\n<meta property=\"og:url\" content=\"https:\/\/digitale-selbstbestimmung.swiss\/home\/en\/238-2\/\" \/>\n<meta property=\"og:site_name\" content=\"Digitale Selbstbestimmung\" \/>\n<meta property=\"article:modified_time\" content=\"2022-12-20T16:19:43+00:00\" \/>\n<meta name=\"twitter:card\" content=\"summary_large_image\" \/>\n<meta name=\"twitter:label1\" content=\"Estimated reading time\" \/>\n\t<meta name=\"twitter:data1\" content=\"3 minutes\" \/>\n<script type=\"application\/ld+json\" class=\"yoast-schema-graph\">{\"@context\":\"https:\/\/schema.org\",\"@graph\":[{\"@type\":\"WebPage\",\"@id\":\"https:\/\/digitale-selbstbestimmung.swiss\/home\/238-2\/\",\"url\":\"https:\/\/digitale-selbstbestimmung.swiss\/home\/238-2\/\",\"name\":\"About - Digitale Selbstbestimmung\",\"isPartOf\":{\"@id\":\"https:\/\/digitale-selbstbestimmung.swiss\/home\/#website\"},\"datePublished\":\"2021-04-07T12:18:26+00:00\",\"dateModified\":\"2022-12-20T16:19:43+00:00\",\"description\":\"Die Grunds\u00e4tze der digitalen Selbstbestimmung sind in der bundesr\u00e4tlichen Strategie \u00abDigitale Schweiz\u00bb sowie der \u00abDigitalaussenpolitik\u00bb festgelegt. In diesem Kontext hat sich 2019 das Netzwerk \u00abDigitale Selbstbestimmung\u00bb formiert, um B\u00fcrgerinnen und B\u00fcrgern, Unternehmen und \u00f6ffentlichen Einrichtungen eine Nutzung der Datenwirtschaft auf der Basis freiheitlich-demokratischer Grundwerte zu erm\u00f6glichen.\",\"breadcrumb\":{\"@id\":\"https:\/\/digitale-selbstbestimmung.swiss\/home\/238-2\/#breadcrumb\"},\"inLanguage\":\"en-GB\",\"potentialAction\":[{\"@type\":\"ReadAction\",\"target\":[\"https:\/\/digitale-selbstbestimmung.swiss\/home\/238-2\/\"]}]},{\"@type\":\"BreadcrumbList\",\"@id\":\"https:\/\/digitale-selbstbestimmung.swiss\/home\/238-2\/#breadcrumb\",\"itemListElement\":[{\"@type\":\"ListItem\",\"position\":1,\"name\":\"Startseite\",\"item\":\"https:\/\/digitale-selbstbestimmung.swiss\/home\/\"},{\"@type\":\"ListItem\",\"position\":2,\"name\":\"About\"}]},{\"@type\":\"WebSite\",\"@id\":\"https:\/\/digitale-selbstbestimmung.swiss\/home\/#website\",\"url\":\"https:\/\/digitale-selbstbestimmung.swiss\/home\/\",\"name\":\"Digitale Selbstbestimmung\",\"description\":\"\",\"publisher\":{\"@id\":\"https:\/\/digitale-selbstbestimmung.swiss\/home\/#organization\"},\"potentialAction\":[{\"@type\":\"SearchAction\",\"target\":{\"@type\":\"EntryPoint\",\"urlTemplate\":\"https:\/\/digitale-selbstbestimmung.swiss\/home\/?s={search_term_string}\"},\"query-input\":\"required name=search_term_string\"}],\"inLanguage\":\"en-GB\"},{\"@type\":\"Organization\",\"@id\":\"https:\/\/digitale-selbstbestimmung.swiss\/home\/#organization\",\"name\":\"Netzwerk Digitale Selbstbestimmung\",\"url\":\"https:\/\/digitale-selbstbestimmung.swiss\/home\/\",\"logo\":{\"@type\":\"ImageObject\",\"inLanguage\":\"en-GB\",\"@id\":\"https:\/\/digitale-selbstbestimmung.swiss\/home\/#\/schema\/logo\/image\/\",\"url\":\"https:\/\/digitale-selbstbestimmung.swiss\/wp-content\/uploads\/2021\/03\/LogoDigiSB.jpg\",\"contentUrl\":\"https:\/\/digitale-selbstbestimmung.swiss\/wp-content\/uploads\/2021\/03\/LogoDigiSB.jpg\",\"width\":1378,\"height\":660,\"caption\":\"Netzwerk Digitale Selbstbestimmung\"},\"image\":{\"@id\":\"https:\/\/digitale-selbstbestimmung.swiss\/home\/#\/schema\/logo\/image\/\"}}]}<\/script>\n<!-- \/ Yoast SEO plugin. -->","yoast_head_json":{"title":"About - Digitale Selbstbestimmung","description":"Die Grunds\u00e4tze der digitalen Selbstbestimmung sind in der bundesr\u00e4tlichen Strategie \u00abDigitale Schweiz\u00bb sowie der \u00abDigitalaussenpolitik\u00bb festgelegt. In diesem Kontext hat sich 2019 das Netzwerk \u00abDigitale Selbstbestimmung\u00bb formiert, um B\u00fcrgerinnen und B\u00fcrgern, Unternehmen und \u00f6ffentlichen Einrichtungen eine Nutzung der Datenwirtschaft auf der Basis freiheitlich-demokratischer Grundwerte zu erm\u00f6glichen.","robots":{"index":"index","follow":"follow","max-snippet":"max-snippet:-1","max-image-preview":"max-image-preview:large","max-video-preview":"max-video-preview:-1"},"canonical":"https:\/\/digitale-selbstbestimmung.swiss\/home\/en\/238-2\/","og_locale":"en_GB","og_type":"article","og_title":"About - Digitale Selbstbestimmung","og_description":"Die Grunds\u00e4tze der digitalen Selbstbestimmung sind in der bundesr\u00e4tlichen Strategie \u00abDigitale Schweiz\u00bb sowie der \u00abDigitalaussenpolitik\u00bb festgelegt. In diesem Kontext hat sich 2019 das Netzwerk \u00abDigitale Selbstbestimmung\u00bb formiert, um B\u00fcrgerinnen und B\u00fcrgern, Unternehmen und \u00f6ffentlichen Einrichtungen eine Nutzung der Datenwirtschaft auf der Basis freiheitlich-demokratischer Grundwerte zu erm\u00f6glichen.","og_url":"https:\/\/digitale-selbstbestimmung.swiss\/home\/en\/238-2\/","og_site_name":"Digitale Selbstbestimmung","article_modified_time":"2022-12-20T16:19:43+00:00","twitter_card":"summary_large_image","twitter_misc":{"Estimated reading time":"3 minutes"},"schema":{"@context":"https:\/\/schema.org","@graph":[{"@type":"WebPage","@id":"https:\/\/digitale-selbstbestimmung.swiss\/home\/238-2\/","url":"https:\/\/digitale-selbstbestimmung.swiss\/home\/238-2\/","name":"About - Digitale Selbstbestimmung","isPartOf":{"@id":"https:\/\/digitale-selbstbestimmung.swiss\/home\/#website"},"datePublished":"2021-04-07T12:18:26+00:00","dateModified":"2022-12-20T16:19:43+00:00","description":"Die Grunds\u00e4tze der digitalen Selbstbestimmung sind in der bundesr\u00e4tlichen Strategie \u00abDigitale Schweiz\u00bb sowie der \u00abDigitalaussenpolitik\u00bb festgelegt. In diesem Kontext hat sich 2019 das Netzwerk \u00abDigitale Selbstbestimmung\u00bb formiert, um B\u00fcrgerinnen und B\u00fcrgern, Unternehmen und \u00f6ffentlichen Einrichtungen eine Nutzung der Datenwirtschaft auf der Basis freiheitlich-demokratischer Grundwerte zu erm\u00f6glichen.","breadcrumb":{"@id":"https:\/\/digitale-selbstbestimmung.swiss\/home\/238-2\/#breadcrumb"},"inLanguage":"en-GB","potentialAction":[{"@type":"ReadAction","target":["https:\/\/digitale-selbstbestimmung.swiss\/home\/238-2\/"]}]},{"@type":"BreadcrumbList","@id":"https:\/\/digitale-selbstbestimmung.swiss\/home\/238-2\/#breadcrumb","itemListElement":[{"@type":"ListItem","position":1,"name":"Startseite","item":"https:\/\/digitale-selbstbestimmung.swiss\/home\/"},{"@type":"ListItem","position":2,"name":"About"}]},{"@type":"WebSite","@id":"https:\/\/digitale-selbstbestimmung.swiss\/home\/#website","url":"https:\/\/digitale-selbstbestimmung.swiss\/home\/","name":"Digitale Selbstbestimmung","description":"","publisher":{"@id":"https:\/\/digitale-selbstbestimmung.swiss\/home\/#organization"},"potentialAction":[{"@type":"SearchAction","target":{"@type":"EntryPoint","urlTemplate":"https:\/\/digitale-selbstbestimmung.swiss\/home\/?s={search_term_string}"},"query-input":"required name=search_term_string"}],"inLanguage":"en-GB"},{"@type":"Organization","@id":"https:\/\/digitale-selbstbestimmung.swiss\/home\/#organization","name":"Netzwerk Digitale Selbstbestimmung","url":"https:\/\/digitale-selbstbestimmung.swiss\/home\/","logo":{"@type":"ImageObject","inLanguage":"en-GB","@id":"https:\/\/digitale-selbstbestimmung.swiss\/home\/#\/schema\/logo\/image\/","url":"https:\/\/digitale-selbstbestimmung.swiss\/wp-content\/uploads\/2021\/03\/LogoDigiSB.jpg","contentUrl":"https:\/\/digitale-selbstbestimmung.swiss\/wp-content\/uploads\/2021\/03\/LogoDigiSB.jpg","width":1378,"height":660,"caption":"Netzwerk Digitale Selbstbestimmung"},"image":{"@id":"https:\/\/digitale-selbstbestimmung.swiss\/home\/#\/schema\/logo\/image\/"}}]}},"_links":{"self":[{"href":"https:\/\/digitale-selbstbestimmung.swiss\/home\/en\/wp-json\/wp\/v2\/pages\/238","targetHints":{"allow":["GET"]}}],"collection":[{"href":"https:\/\/digitale-selbstbestimmung.swiss\/home\/en\/wp-json\/wp\/v2\/pages"}],"about":[{"href":"https:\/\/digitale-selbstbestimmung.swiss\/home\/en\/wp-json\/wp\/v2\/types\/page"}],"author":[{"embeddable":true,"href":"https:\/\/digitale-selbstbestimmung.swiss\/home\/en\/wp-json\/wp\/v2\/users\/1"}],"replies":[{"embeddable":true,"href":"https:\/\/digitale-selbstbestimmung.swiss\/home\/en\/wp-json\/wp\/v2\/comments?post=238"}],"version-history":[{"count":23,"href":"https:\/\/digitale-selbstbestimmung.swiss\/home\/en\/wp-json\/wp\/v2\/pages\/238\/revisions"}],"predecessor-version":[{"id":598,"href":"https:\/\/digitale-selbstbestimmung.swiss\/home\/en\/wp-json\/wp\/v2\/pages\/238\/revisions\/598"}],"wp:attachment":[{"href":"https:\/\/digitale-selbstbestimmung.swiss\/home\/en\/wp-json\/wp\/v2\/media?parent=238"}],"curies":[{"name":"wp","href":"https:\/\/api.w.org\/{rel}","templated":true}]}}