{"id":245,"date":"2021-04-07T14:34:25","date_gmt":"2021-04-07T12:34:25","guid":{"rendered":"https:\/\/digitale-selbstbestimmung.swiss\/?page_id=245"},"modified":"2024-04-19T16:10:15","modified_gmt":"2024-04-19T14:10:15","slug":"245-2","status":"publish","type":"page","link":"https:\/\/digitale-selbstbestimmung.swiss\/home\/en\/245-2\/","title":{"rendered":"Documents"},"content":{"rendered":"<p>[et_pb_section fb_built=&#8220;1&#8243; _builder_version=&#8220;4.9.2&#8243; _module_preset=&#8220;default&#8220;][et_pb_row _builder_version=&#8220;4.9.2&#8243; _module_preset=&#8220;default&#8220; custom_padding=&#8220;0px|||||&#8220;][et_pb_column type=&#8220;4_4&#8243; _builder_version=&#8220;4.9.2&#8243; _module_preset=&#8220;default&#8220;][et_pb_text _builder_version=&#8220;4.9.2&#8243; _module_preset=&#8220;default&#8220; custom_margin=&#8220;-46px|||||&#8220; custom_padding=&#8220;0px|||||&#8220;]<\/p>\n<p><strong>Report on the promotion of trustworthy data spaces and digital self-determination <\/strong><\/p>\n<p>On 30 March 2022, the Federal Council took note of the report \"Creating trustworthy data spaces based on digital self-determination\" by DETEC (OFCOM) and the FDFA (DIL).<\/p>\n<p>The report suggests that the potential of data use is not fully exploited in Switzerland today. The report identifies the creation of trusted data spaces as a promising approach. The concept of digital self-determination makes it possible to improve access to data while strengthening control over one's own data.<\/p>\n<p>Based on the report, the Federal Council mandates the FDFA and DETEC to develop a voluntary code of conduct for the operation of trustworthy data rooms and to develop approaches to strengthen interoperability between data rooms. The Network Digital Self-Determination will be closely involved in this work.<\/p>\n<p>Report: <span style=\"color: #0c71c3;\"><a style=\"color: #0c71c3;\" href=\"https:\/\/digitale-selbstbestimmung.swiss\/wp-content\/uploads\/2022\/05\/Beilage-01-Bericht_EN-zu-BRA-UVEK-EDA.pdf\" target=\"_blank\" rel=\"noopener\">Report Creation of trusted data spaces based on digital self-determination<\/a><\/span><br \/>\nPress release: <span style=\"color: #0c71c3;\"><a style=\"color: #0c71c3;\" href=\"https:\/\/www.admin.ch\/gov\/en\/start\/documentation\/media-releases.msg-id-87780.html\">https:\/\/www.admin.ch\/gov\/en\/start\/documentation\/media-releases.msg-id-87780.html<\/a><\/span><\/p>\n<p><strong>Discussion paper on digital self-determination<\/strong><\/p>\n<p>This discussion paper provides an introduction to the Swiss Digital Self-Determination Network initiative. It was drafted by a working group comprising representatives of the Federal Administration, research and business. The aim of this paper is to make the concept of digital self-determination accessible to a wide readership and present ideas for its further implementation.<\/p>\n<p>A general description in the introduction is followed by details on the relevance of digital self-determination. The basic principles, legal aspects and the establishment of trusted data spaces are then presented as key components of digital self-determination. The three annexes contain fictitious use cases from the mobility, education and energy sectors.<\/p>\n<p>PDF: <span style=\"color: #0c71c3;\"><a style=\"color: #0c71c3;\" href=\"https:\/\/digitale-selbstbestimmung.swiss\/wp-content\/uploads\/2021\/04\/Digital-Self-Determination-Discussion-Paper.pdf\" target=\"_blank\" rel=\"attachment noopener wp-att-455\">Digital self-determination discussion paper<\/a><\/span><\/p>\n<p><strong>Publication of data space Needs analysis of BEI<\/strong><\/p>\n<p>In order to identify the needs of individuals in Switzerland with regard to the sharing and use of data in data spaces and their design, and thus to involve the population in the process of developing trustworthy data spaces, the Business Engineering Institute St. Gallen has conducted a study in collaboration with the University of Lausanne. The study was co-financed by a contribution from the Directorate of International Law of the Federal Department of Foreign Affairs.<\/p>\n<p>To summarise, the results of the study show that individuals in Switzerland see a need for trustworthy data spaces in Switzerland and are able to assess and differentiate between the benefits and risks of different application scenarios thanks to their already high level of data literacy.<\/p>\n<p>PDF: <span style=\"color: #0c71c3;\"><a style=\"color: #0c71c3;\" href=\"https:\/\/digitale-selbstbestimmung.swiss\/wp-content\/uploads\/2024\/04\/DE_BEI_Beduerfnisanalyse_Finale-Studie-Vertrauenswuerdige-Datenraeume-2023.pdf\" target=\"_blank\" rel=\"attachment noopener wp-att-455\">Datenraum Bed\u00fcrfnisanalyse<\/a><\/span><\/p>\n<p><strong>Current links<br \/>\n<\/strong>SATW: <span style=\"color: #0c71c3;\"><a style=\"color: #0c71c3;\" href=\"https:\/\/www.satw.ch\/en\/\" target=\"_blank\" rel=\"noopener\">https:\/\/www.satw.ch\/en\/<\/a><br \/>\n<span style=\"color: #000000;\">Swiss Data Aliance: <span style=\"color: #0c71c3;\"><a style=\"color: #0c71c3;\" href=\"https:\/\/www.swissdataalliance.ch\/\" target=\"_blank\" rel=\"noopener\">www.swissdataalliance.ch<\/a><br \/>\n<span style=\"color: #000000;\">D\u00e9partement f\u00e9d\u00e9ral des affaires \u00e9trang\u00e8res <span style=\"color: #0c71c3;\"><a style=\"color: #0c71c3;\" href=\"https:\/\/www.eda.admin.ch\/eda\/en\/fdfa.html\" target=\"_blank\" rel=\"noopener\">https:\/\/www.eda.admin.ch\/eda\/en\/fdfa.html<\/a><br \/>\n<span style=\"color: #000000;\">Office f\u00e9d\u00e9ral de la communication <a href=\"https:\/\/www.bakom.admin.ch\/bakom\/en\/homepage.html\" target=\"_blank\" rel=\"noopener\"><span style=\"color: #0c71c3;\">https:\/\/www.bakom.admin.ch\/bakom\/de\/home.html<\/span><\/a><\/span><\/span><\/span><\/span><\/span><\/span><a href=\"https:\/\/www.bakom.admin.ch\/bakom\/fr\/page-daccueil.html\" target=\"_blank\" rel=\"noopener\"><span style=\"color: #0c71c3;\">\u00a0<\/span><\/a><\/p>\n<h1><\/h1>\n<p>[\/et_pb_text][\/et_pb_column][\/et_pb_row][\/et_pb_section]<\/p>","protected":false},"excerpt":{"rendered":"<p>[et_pb_section fb_built=&#8220;1&#8243; _builder_version=&#8220;4.9.2&#8243; _module_preset=&#8220;default&#8220;][et_pb_row _builder_version=&#8220;4.9.2&#8243; _module_preset=&#8220;default&#8220; custom_padding=&#8220;0px|||||&#8220;][et_pb_column type=&#8220;4_4&#8243; _builder_version=&#8220;4.9.2&#8243; _module_preset=&#8220;default&#8220;][et_pb_text _builder_version=&#8220;4.9.2&#8243; _module_preset=&#8220;default&#8220; custom_margin=&#8220;-46px|||||&#8220; custom_padding=&#8220;0px|||||&#8220;] Bericht zur F\u00f6rderung von vertrauensw\u00fcrdigen Datenr\u00e4umen und der digitalen Selbstbestimmung Am 30. M\u00e4rz 2022 hat der Bundesrat den Bericht \u00abSchaffung von vertrauensw\u00fcrdigen Datenr\u00e4umen basierend auf der digitalen Selbstbestimmung\u00bb des UVEK (BAKOM) und des EDA (DV) zur Kenntnis genommen. Der Bericht legt [&hellip;]<\/p>","protected":false},"author":1,"featured_media":0,"parent":0,"menu_order":0,"comment_status":"closed","ping_status":"closed","template":"","meta":{"_et_pb_use_builder":"on","_et_pb_old_content":"","_et_gb_content_width":"","footnotes":""},"class_list":["post-245","page","type-page","status-publish","hentry"],"yoast_head":"<!-- This site is optimized with the Yoast SEO plugin v22.5 - https:\/\/yoast.com\/wordpress\/plugins\/seo\/ -->\n<title>Dokumente - Digitale Selbstbestimmung<\/title>\n<meta name=\"description\" content=\"Dieses Diskussionspapier gibt eine Einf\u00fchrung in die Schweizer Initiative \u00abNetzwerk digitale Selbstbestimmung\u00bb. Es wurde von einer Arbeitsgruppe bestehend aus Vertreterinnen und Vertretern der Bundesverwaltung, Forschung und Wirtschaft erarbeitet.\" \/>\n<meta name=\"robots\" content=\"index, follow, max-snippet:-1, max-image-preview:large, max-video-preview:-1\" \/>\n<link rel=\"canonical\" href=\"https:\/\/digitale-selbstbestimmung.swiss\/home\/en\/245-2\/\" \/>\n<meta property=\"og:locale\" content=\"en_GB\" \/>\n<meta property=\"og:type\" content=\"article\" \/>\n<meta property=\"og:title\" content=\"Dokumente - Digitale Selbstbestimmung\" \/>\n<meta property=\"og:description\" content=\"Dieses Diskussionspapier gibt eine Einf\u00fchrung in die Schweizer Initiative \u00abNetzwerk digitale Selbstbestimmung\u00bb. Es wurde von einer Arbeitsgruppe bestehend aus Vertreterinnen und Vertretern der Bundesverwaltung, Forschung und Wirtschaft erarbeitet.\" \/>\n<meta property=\"og:url\" content=\"https:\/\/digitale-selbstbestimmung.swiss\/home\/en\/245-2\/\" \/>\n<meta property=\"og:site_name\" content=\"Digitale Selbstbestimmung\" \/>\n<meta property=\"article:modified_time\" content=\"2024-04-19T14:10:15+00:00\" \/>\n<meta name=\"twitter:card\" content=\"summary_large_image\" \/>\n<meta name=\"twitter:label1\" content=\"Estimated reading time\" \/>\n\t<meta name=\"twitter:data1\" content=\"3 minutes\" \/>\n<script type=\"application\/ld+json\" class=\"yoast-schema-graph\">{\"@context\":\"https:\/\/schema.org\",\"@graph\":[{\"@type\":\"WebPage\",\"@id\":\"https:\/\/digitale-selbstbestimmung.swiss\/home\/245-2\/\",\"url\":\"https:\/\/digitale-selbstbestimmung.swiss\/home\/245-2\/\",\"name\":\"Dokumente - Digitale Selbstbestimmung\",\"isPartOf\":{\"@id\":\"https:\/\/digitale-selbstbestimmung.swiss\/home\/#website\"},\"datePublished\":\"2021-04-07T12:34:25+00:00\",\"dateModified\":\"2024-04-19T14:10:15+00:00\",\"description\":\"Dieses Diskussionspapier gibt eine Einf\u00fchrung in die Schweizer Initiative \u00abNetzwerk digitale Selbstbestimmung\u00bb. Es wurde von einer Arbeitsgruppe bestehend aus Vertreterinnen und Vertretern der Bundesverwaltung, Forschung und Wirtschaft erarbeitet.\",\"breadcrumb\":{\"@id\":\"https:\/\/digitale-selbstbestimmung.swiss\/home\/245-2\/#breadcrumb\"},\"inLanguage\":\"en-GB\",\"potentialAction\":[{\"@type\":\"ReadAction\",\"target\":[\"https:\/\/digitale-selbstbestimmung.swiss\/home\/245-2\/\"]}]},{\"@type\":\"BreadcrumbList\",\"@id\":\"https:\/\/digitale-selbstbestimmung.swiss\/home\/245-2\/#breadcrumb\",\"itemListElement\":[{\"@type\":\"ListItem\",\"position\":1,\"name\":\"Startseite\",\"item\":\"https:\/\/digitale-selbstbestimmung.swiss\/home\/\"},{\"@type\":\"ListItem\",\"position\":2,\"name\":\"Dokumente\"}]},{\"@type\":\"WebSite\",\"@id\":\"https:\/\/digitale-selbstbestimmung.swiss\/home\/#website\",\"url\":\"https:\/\/digitale-selbstbestimmung.swiss\/home\/\",\"name\":\"Digitale Selbstbestimmung\",\"description\":\"\",\"publisher\":{\"@id\":\"https:\/\/digitale-selbstbestimmung.swiss\/home\/#organization\"},\"potentialAction\":[{\"@type\":\"SearchAction\",\"target\":{\"@type\":\"EntryPoint\",\"urlTemplate\":\"https:\/\/digitale-selbstbestimmung.swiss\/home\/?s={search_term_string}\"},\"query-input\":\"required name=search_term_string\"}],\"inLanguage\":\"en-GB\"},{\"@type\":\"Organization\",\"@id\":\"https:\/\/digitale-selbstbestimmung.swiss\/home\/#organization\",\"name\":\"Netzwerk Digitale Selbstbestimmung\",\"url\":\"https:\/\/digitale-selbstbestimmung.swiss\/home\/\",\"logo\":{\"@type\":\"ImageObject\",\"inLanguage\":\"en-GB\",\"@id\":\"https:\/\/digitale-selbstbestimmung.swiss\/home\/#\/schema\/logo\/image\/\",\"url\":\"https:\/\/digitale-selbstbestimmung.swiss\/wp-content\/uploads\/2021\/03\/LogoDigiSB.jpg\",\"contentUrl\":\"https:\/\/digitale-selbstbestimmung.swiss\/wp-content\/uploads\/2021\/03\/LogoDigiSB.jpg\",\"width\":1378,\"height\":660,\"caption\":\"Netzwerk Digitale Selbstbestimmung\"},\"image\":{\"@id\":\"https:\/\/digitale-selbstbestimmung.swiss\/home\/#\/schema\/logo\/image\/\"}}]}<\/script>\n<!-- \/ Yoast SEO plugin. -->","yoast_head_json":{"title":"Dokumente - Digitale Selbstbestimmung","description":"Dieses Diskussionspapier gibt eine Einf\u00fchrung in die Schweizer Initiative \u00abNetzwerk digitale Selbstbestimmung\u00bb. Es wurde von einer Arbeitsgruppe bestehend aus Vertreterinnen und Vertretern der Bundesverwaltung, Forschung und Wirtschaft erarbeitet.","robots":{"index":"index","follow":"follow","max-snippet":"max-snippet:-1","max-image-preview":"max-image-preview:large","max-video-preview":"max-video-preview:-1"},"canonical":"https:\/\/digitale-selbstbestimmung.swiss\/home\/en\/245-2\/","og_locale":"en_GB","og_type":"article","og_title":"Dokumente - Digitale Selbstbestimmung","og_description":"Dieses Diskussionspapier gibt eine Einf\u00fchrung in die Schweizer Initiative \u00abNetzwerk digitale Selbstbestimmung\u00bb. Es wurde von einer Arbeitsgruppe bestehend aus Vertreterinnen und Vertretern der Bundesverwaltung, Forschung und Wirtschaft erarbeitet.","og_url":"https:\/\/digitale-selbstbestimmung.swiss\/home\/en\/245-2\/","og_site_name":"Digitale Selbstbestimmung","article_modified_time":"2024-04-19T14:10:15+00:00","twitter_card":"summary_large_image","twitter_misc":{"Estimated reading time":"3 minutes"},"schema":{"@context":"https:\/\/schema.org","@graph":[{"@type":"WebPage","@id":"https:\/\/digitale-selbstbestimmung.swiss\/home\/245-2\/","url":"https:\/\/digitale-selbstbestimmung.swiss\/home\/245-2\/","name":"Dokumente - Digitale Selbstbestimmung","isPartOf":{"@id":"https:\/\/digitale-selbstbestimmung.swiss\/home\/#website"},"datePublished":"2021-04-07T12:34:25+00:00","dateModified":"2024-04-19T14:10:15+00:00","description":"Dieses Diskussionspapier gibt eine Einf\u00fchrung in die Schweizer Initiative \u00abNetzwerk digitale Selbstbestimmung\u00bb. Es wurde von einer Arbeitsgruppe bestehend aus Vertreterinnen und Vertretern der Bundesverwaltung, Forschung und Wirtschaft erarbeitet.","breadcrumb":{"@id":"https:\/\/digitale-selbstbestimmung.swiss\/home\/245-2\/#breadcrumb"},"inLanguage":"en-GB","potentialAction":[{"@type":"ReadAction","target":["https:\/\/digitale-selbstbestimmung.swiss\/home\/245-2\/"]}]},{"@type":"BreadcrumbList","@id":"https:\/\/digitale-selbstbestimmung.swiss\/home\/245-2\/#breadcrumb","itemListElement":[{"@type":"ListItem","position":1,"name":"Startseite","item":"https:\/\/digitale-selbstbestimmung.swiss\/home\/"},{"@type":"ListItem","position":2,"name":"Dokumente"}]},{"@type":"WebSite","@id":"https:\/\/digitale-selbstbestimmung.swiss\/home\/#website","url":"https:\/\/digitale-selbstbestimmung.swiss\/home\/","name":"Digitale Selbstbestimmung","description":"","publisher":{"@id":"https:\/\/digitale-selbstbestimmung.swiss\/home\/#organization"},"potentialAction":[{"@type":"SearchAction","target":{"@type":"EntryPoint","urlTemplate":"https:\/\/digitale-selbstbestimmung.swiss\/home\/?s={search_term_string}"},"query-input":"required name=search_term_string"}],"inLanguage":"en-GB"},{"@type":"Organization","@id":"https:\/\/digitale-selbstbestimmung.swiss\/home\/#organization","name":"Netzwerk Digitale Selbstbestimmung","url":"https:\/\/digitale-selbstbestimmung.swiss\/home\/","logo":{"@type":"ImageObject","inLanguage":"en-GB","@id":"https:\/\/digitale-selbstbestimmung.swiss\/home\/#\/schema\/logo\/image\/","url":"https:\/\/digitale-selbstbestimmung.swiss\/wp-content\/uploads\/2021\/03\/LogoDigiSB.jpg","contentUrl":"https:\/\/digitale-selbstbestimmung.swiss\/wp-content\/uploads\/2021\/03\/LogoDigiSB.jpg","width":1378,"height":660,"caption":"Netzwerk Digitale Selbstbestimmung"},"image":{"@id":"https:\/\/digitale-selbstbestimmung.swiss\/home\/#\/schema\/logo\/image\/"}}]}},"_links":{"self":[{"href":"https:\/\/digitale-selbstbestimmung.swiss\/home\/en\/wp-json\/wp\/v2\/pages\/245","targetHints":{"allow":["GET"]}}],"collection":[{"href":"https:\/\/digitale-selbstbestimmung.swiss\/home\/en\/wp-json\/wp\/v2\/pages"}],"about":[{"href":"https:\/\/digitale-selbstbestimmung.swiss\/home\/en\/wp-json\/wp\/v2\/types\/page"}],"author":[{"embeddable":true,"href":"https:\/\/digitale-selbstbestimmung.swiss\/home\/en\/wp-json\/wp\/v2\/users\/1"}],"replies":[{"embeddable":true,"href":"https:\/\/digitale-selbstbestimmung.swiss\/home\/en\/wp-json\/wp\/v2\/comments?post=245"}],"version-history":[{"count":35,"href":"https:\/\/digitale-selbstbestimmung.swiss\/home\/en\/wp-json\/wp\/v2\/pages\/245\/revisions"}],"predecessor-version":[{"id":606,"href":"https:\/\/digitale-selbstbestimmung.swiss\/home\/en\/wp-json\/wp\/v2\/pages\/245\/revisions\/606"}],"wp:attachment":[{"href":"https:\/\/digitale-selbstbestimmung.swiss\/home\/en\/wp-json\/wp\/v2\/media?parent=245"}],"curies":[{"name":"wp","href":"https:\/\/api.w.org\/{rel}","templated":true}]}}