{"id":231,"date":"2021-04-07T14:06:13","date_gmt":"2021-04-07T12:06:13","guid":{"rendered":"https:\/\/digitale-selbstbestimmung.swiss\/?page_id=231"},"modified":"2021-05-12T11:05:18","modified_gmt":"2021-05-12T09:05:18","slug":"home","status":"publish","type":"page","link":"https:\/\/digitale-selbstbestimmung.swiss\/home\/fr\/","title":{"rendered":"R\u00e9seau d'autod\u00e9termination num\u00e9rique"},"content":{"rendered":"[et_pb_section fb_built=&#8220;1&#8243; _builder_version=&#8220;4.9.2&#8243; _module_preset=&#8220;default&#8220;][et_pb_row _builder_version=&#8220;4.9.2&#8243; _module_preset=&#8220;default&#8220; width=&#8220;89%&#8220; custom_margin=&#8220;-71px|auto||5px||&#8220;][et_pb_column type=&#8220;4_4&#8243; _builder_version=&#8220;4.9.2&#8243; _module_preset=&#8220;default&#8220;][et_pb_image src=&#8220;https:\/\/digitale-selbstbestimmung.swiss\/wp-content\/uploads\/2021\/04\/4.jpg&#8220; force_fullwidth=&#8220;on&#8220; src_tablet=&#8220;&#8220; src_phone=&#8220;&#8220; src_last_edited=&#8220;on|phone&#8220; _builder_version=&#8220;4.9.2&#8243; _module_preset=&#8220;default&#8220; custom_margin=&#8220;|43px||||&#8220; custom_padding=&#8220;0px|||41px||&#8220; hover_enabled=&#8220;0&#8243; sticky_enabled=&#8220;0&#8243;][\/et_pb_image][\/et_pb_column][\/et_pb_row][et_pb_row _builder_version=&#8220;4.9.2&#8243; _module_preset=&#8220;default&#8220;][et_pb_column type=&#8220;4_4&#8243; _builder_version=&#8220;4.9.2&#8243; _module_preset=&#8220;default&#8220;][et_pb_text _builder_version=&#8220;4.9.2&#8243; _module_preset=&#8220;default&#8220;]<p class=\" translation-block\">Le <em>r\u00e9seau d'autod\u00e9termination num\u00e9rique<\/em> s'engage pour une utilisation innovante et autod\u00e9termin\u00e9e des donn\u00e9es en Suisse.<\/p>\n<p>Nous voulons contribuer \u00e0 ce que le potentiel de notre \u00e9conomie et de notre soci\u00e9t\u00e9 de donn\u00e9es soit pleinement saisi et promu \u2013 et ceci, sur la base de l'autod\u00e9termination num\u00e9rique.<\/p>\n<p>L'internet et les applications num\u00e9riques nous facilitent d\u00e9j\u00e0 la vie. Nous utilisons des services et des produits num\u00e9riques pour faire notre travail, occuper notre temps libre et communiquer entre nous.<\/p>\n<p>Dans de nombreux domaines de la vie num\u00e9rique, cette situation a entra\u00een\u00e9 une augmentation rapide de la quantit\u00e9 des donn\u00e9es. Certes, celles-ci sont devenues une condition pr\u00e9alable essentielle pour les innovations num\u00e9riques et l\u2019am\u00e9lioration de l'efficacit\u00e9 dans les sph\u00e8res priv\u00e9es et publiques. Il n\u2019en reste pas moins que la collecte et l'analyse toujours plus \u00e9tendues de donn\u00e9es dans de nombreux domaines de la vie suscitent \u00e9galement un scepticisme croissant.<\/p>\n<p>Le <em>R\u00e9seau d'autod\u00e9termination num\u00e9rique<\/em> cherche \u00e0 r\u00e9soudre la fausse dichotomie entre l'utilisation et la protection des donn\u00e9es. Il collabore avec tous les interlocuteurs afin d\u2019\u00e9laborer des approches de solutions pour l'utilisation future des donn\u00e9es, en veillant \u00e0 placer les personnes et la soci\u00e9t\u00e9 au centre des pr\u00e9occupations.<\/p>\n<p>Le r\u00e9seau vous int\u00e9resse ou vous souhaitez en devenir membre? N\u2019h\u00e9sitez pas \u00e0 nous contacter.<\/p>[\/et_pb_text][\/et_pb_column][\/et_pb_row][et_pb_row _builder_version=&#8220;4.9.2&#8243; _module_preset=&#8220;default&#8220;][et_pb_column type=&#8220;4_4&#8243; _builder_version=&#8220;4.9.2&#8243; _module_preset=&#8220;default&#8220;][et_pb_button button_url=&#8220;@ET-DC@eyJkeW5hbWljIjp0cnVlLCJjb250ZW50IjoicG9zdF9saW5rX3VybF9wYWdlIiwic2V0dGluZ3MiOnsicG9zdF9pZCI6IjI1OSJ9fQ==@&#8220; button_text=&#8220;Kontakt&#8220; button_alignment=&#8220;center&#8220; _builder_version=&#8220;4.9.2&#8243; _dynamic_attributes=&#8220;button_url&#8220; _module_preset=&#8220;default&#8220; custom_button=&#8220;on&#8220; button_text_size=&#8220;25px&#8220; button_text_color=&#8220;#FFFFFF&#8220; button_bg_color=&#8220;#E02B20&#8243; button_border_radius=&#8220;10px&#8220; button_icon=&#8220;%%20%%&#8220;][\/et_pb_button][\/et_pb_column][\/et_pb_row][\/et_pb_section]","protected":false},"excerpt":{"rendered":"","protected":false},"author":1,"featured_media":0,"parent":0,"menu_order":0,"comment_status":"closed","ping_status":"closed","template":"","meta":{"_et_pb_use_builder":"on","_et_pb_old_content":"","_et_gb_content_width":"","footnotes":""},"class_list":["post-231","page","type-page","status-publish","hentry"],"yoast_head":"<!-- This site is optimized with the Yoast SEO plugin v22.5 - https:\/\/yoast.com\/wordpress\/plugins\/seo\/ -->\n<title>Digitale Selbstbestimmung<\/title>\n<meta name=\"description\" content=\"Digitale Selbstbestimmung, Das Netzwerk Digitale Selbstbestimmung setzt sich f\u00fcr eine innovative und selbstbestimmte Nutzung von Daten in der Schweiz ein.\" \/>\n<meta name=\"robots\" content=\"index, follow, max-snippet:-1, max-image-preview:large, max-video-preview:-1\" \/>\n<link rel=\"canonical\" href=\"https:\/\/digitale-selbstbestimmung.swiss\/home\/fr\/\" \/>\n<meta property=\"og:locale\" content=\"fr_FR\" \/>\n<meta property=\"og:type\" content=\"article\" \/>\n<meta property=\"og:title\" content=\"Digitale Selbstbestimmung\" \/>\n<meta property=\"og:description\" content=\"Digitale Selbstbestimmung, Das Netzwerk Digitale Selbstbestimmung setzt sich f\u00fcr eine innovative und selbstbestimmte Nutzung von Daten in der Schweiz ein.\" \/>\n<meta property=\"og:url\" content=\"https:\/\/digitale-selbstbestimmung.swiss\/home\/fr\/\" \/>\n<meta property=\"og:site_name\" content=\"Digitale Selbstbestimmung\" \/>\n<meta property=\"article:modified_time\" content=\"2021-05-12T09:05:18+00:00\" \/>\n<meta property=\"og:image\" content=\"https:\/\/digitale-selbstbestimmung.swiss\/wp-content\/uploads\/2021\/03\/LogoDigiSB.jpg\" \/>\n\t<meta property=\"og:image:width\" content=\"1378\" \/>\n\t<meta property=\"og:image:height\" content=\"660\" \/>\n\t<meta property=\"og:image:type\" content=\"image\/jpeg\" \/>\n<meta name=\"twitter:card\" content=\"summary_large_image\" \/>\n<meta name=\"twitter:image\" content=\"https:\/\/digitale-selbstbestimmung.swiss\/wp-content\/uploads\/2021\/03\/LogoDigiSB.jpg\" \/>\n<meta name=\"twitter:label1\" content=\"Dur\u00e9e de lecture estim\u00e9e\" \/>\n\t<meta name=\"twitter:data1\" content=\"1 minute\" \/>\n<script type=\"application\/ld+json\" class=\"yoast-schema-graph\">{\"@context\":\"https:\/\/schema.org\",\"@graph\":[{\"@type\":\"WebPage\",\"@id\":\"https:\/\/digitale-selbstbestimmung.swiss\/home\/\",\"url\":\"https:\/\/digitale-selbstbestimmung.swiss\/home\/\",\"name\":\"Digitale Selbstbestimmung\",\"isPartOf\":{\"@id\":\"https:\/\/digitale-selbstbestimmung.swiss\/home\/#website\"},\"datePublished\":\"2021-04-07T12:06:13+00:00\",\"dateModified\":\"2021-05-12T09:05:18+00:00\",\"description\":\"Digitale Selbstbestimmung, Das Netzwerk Digitale Selbstbestimmung setzt sich f\u00fcr eine innovative und selbstbestimmte Nutzung von Daten in der Schweiz ein.\",\"breadcrumb\":{\"@id\":\"https:\/\/digitale-selbstbestimmung.swiss\/home\/#breadcrumb\"},\"inLanguage\":\"fr-FR\",\"potentialAction\":[{\"@type\":\"ReadAction\",\"target\":[\"https:\/\/digitale-selbstbestimmung.swiss\/home\/\"]}]},{\"@type\":\"BreadcrumbList\",\"@id\":\"https:\/\/digitale-selbstbestimmung.swiss\/home\/#breadcrumb\",\"itemListElement\":[{\"@type\":\"ListItem\",\"position\":1,\"name\":\"Startseite\",\"item\":\"https:\/\/digitale-selbstbestimmung.swiss\/home\/\"},{\"@type\":\"ListItem\",\"position\":2,\"name\":\"Netzwerk Digitale Selbstbestimmung\"}]},{\"@type\":\"WebSite\",\"@id\":\"https:\/\/digitale-selbstbestimmung.swiss\/home\/#website\",\"url\":\"https:\/\/digitale-selbstbestimmung.swiss\/home\/\",\"name\":\"Digitale Selbstbestimmung\",\"description\":\"\",\"publisher\":{\"@id\":\"https:\/\/digitale-selbstbestimmung.swiss\/home\/#organization\"},\"potentialAction\":[{\"@type\":\"SearchAction\",\"target\":{\"@type\":\"EntryPoint\",\"urlTemplate\":\"https:\/\/digitale-selbstbestimmung.swiss\/home\/?s={search_term_string}\"},\"query-input\":\"required name=search_term_string\"}],\"inLanguage\":\"fr-FR\"},{\"@type\":\"Organization\",\"@id\":\"https:\/\/digitale-selbstbestimmung.swiss\/home\/#organization\",\"name\":\"Netzwerk Digitale Selbstbestimmung\",\"url\":\"https:\/\/digitale-selbstbestimmung.swiss\/home\/\",\"logo\":{\"@type\":\"ImageObject\",\"inLanguage\":\"fr-FR\",\"@id\":\"https:\/\/digitale-selbstbestimmung.swiss\/home\/#\/schema\/logo\/image\/\",\"url\":\"https:\/\/digitale-selbstbestimmung.swiss\/wp-content\/uploads\/2021\/03\/LogoDigiSB.jpg\",\"contentUrl\":\"https:\/\/digitale-selbstbestimmung.swiss\/wp-content\/uploads\/2021\/03\/LogoDigiSB.jpg\",\"width\":1378,\"height\":660,\"caption\":\"Netzwerk Digitale Selbstbestimmung\"},\"image\":{\"@id\":\"https:\/\/digitale-selbstbestimmung.swiss\/home\/#\/schema\/logo\/image\/\"}}]}<\/script>\n<!-- \/ Yoast SEO plugin. -->","yoast_head_json":{"title":"Digitale Selbstbestimmung","description":"Digitale Selbstbestimmung, Das Netzwerk Digitale Selbstbestimmung setzt sich f\u00fcr eine innovative und selbstbestimmte Nutzung von Daten in der Schweiz ein.","robots":{"index":"index","follow":"follow","max-snippet":"max-snippet:-1","max-image-preview":"max-image-preview:large","max-video-preview":"max-video-preview:-1"},"canonical":"https:\/\/digitale-selbstbestimmung.swiss\/home\/fr\/","og_locale":"fr_FR","og_type":"article","og_title":"Digitale Selbstbestimmung","og_description":"Digitale Selbstbestimmung, Das Netzwerk Digitale Selbstbestimmung setzt sich f\u00fcr eine innovative und selbstbestimmte Nutzung von Daten in der Schweiz ein.","og_url":"https:\/\/digitale-selbstbestimmung.swiss\/home\/fr\/","og_site_name":"Digitale Selbstbestimmung","article_modified_time":"2021-05-12T09:05:18+00:00","og_image":[{"width":1378,"height":660,"url":"https:\/\/digitale-selbstbestimmung.swiss\/wp-content\/uploads\/2021\/03\/LogoDigiSB.jpg","type":"image\/jpeg"}],"twitter_card":"summary_large_image","twitter_image":"https:\/\/digitale-selbstbestimmung.swiss\/wp-content\/uploads\/2021\/03\/LogoDigiSB.jpg","twitter_misc":{"Dur\u00e9e de lecture estim\u00e9e":"1 minute"},"schema":{"@context":"https:\/\/schema.org","@graph":[{"@type":"WebPage","@id":"https:\/\/digitale-selbstbestimmung.swiss\/home\/","url":"https:\/\/digitale-selbstbestimmung.swiss\/home\/","name":"Digitale Selbstbestimmung","isPartOf":{"@id":"https:\/\/digitale-selbstbestimmung.swiss\/home\/#website"},"datePublished":"2021-04-07T12:06:13+00:00","dateModified":"2021-05-12T09:05:18+00:00","description":"Digitale Selbstbestimmung, Das Netzwerk Digitale Selbstbestimmung setzt sich f\u00fcr eine innovative und selbstbestimmte Nutzung von Daten in der Schweiz ein.","breadcrumb":{"@id":"https:\/\/digitale-selbstbestimmung.swiss\/home\/#breadcrumb"},"inLanguage":"fr-FR","potentialAction":[{"@type":"ReadAction","target":["https:\/\/digitale-selbstbestimmung.swiss\/home\/"]}]},{"@type":"BreadcrumbList","@id":"https:\/\/digitale-selbstbestimmung.swiss\/home\/#breadcrumb","itemListElement":[{"@type":"ListItem","position":1,"name":"Startseite","item":"https:\/\/digitale-selbstbestimmung.swiss\/home\/"},{"@type":"ListItem","position":2,"name":"Netzwerk Digitale Selbstbestimmung"}]},{"@type":"WebSite","@id":"https:\/\/digitale-selbstbestimmung.swiss\/home\/#website","url":"https:\/\/digitale-selbstbestimmung.swiss\/home\/","name":"Digitale Selbstbestimmung","description":"","publisher":{"@id":"https:\/\/digitale-selbstbestimmung.swiss\/home\/#organization"},"potentialAction":[{"@type":"SearchAction","target":{"@type":"EntryPoint","urlTemplate":"https:\/\/digitale-selbstbestimmung.swiss\/home\/?s={search_term_string}"},"query-input":"required name=search_term_string"}],"inLanguage":"fr-FR"},{"@type":"Organization","@id":"https:\/\/digitale-selbstbestimmung.swiss\/home\/#organization","name":"Netzwerk Digitale Selbstbestimmung","url":"https:\/\/digitale-selbstbestimmung.swiss\/home\/","logo":{"@type":"ImageObject","inLanguage":"fr-FR","@id":"https:\/\/digitale-selbstbestimmung.swiss\/home\/#\/schema\/logo\/image\/","url":"https:\/\/digitale-selbstbestimmung.swiss\/wp-content\/uploads\/2021\/03\/LogoDigiSB.jpg","contentUrl":"https:\/\/digitale-selbstbestimmung.swiss\/wp-content\/uploads\/2021\/03\/LogoDigiSB.jpg","width":1378,"height":660,"caption":"Netzwerk Digitale Selbstbestimmung"},"image":{"@id":"https:\/\/digitale-selbstbestimmung.swiss\/home\/#\/schema\/logo\/image\/"}}]}},"_links":{"self":[{"href":"https:\/\/digitale-selbstbestimmung.swiss\/home\/fr\/wp-json\/wp\/v2\/pages\/231","targetHints":{"allow":["GET"]}}],"collection":[{"href":"https:\/\/digitale-selbstbestimmung.swiss\/home\/fr\/wp-json\/wp\/v2\/pages"}],"about":[{"href":"https:\/\/digitale-selbstbestimmung.swiss\/home\/fr\/wp-json\/wp\/v2\/types\/page"}],"author":[{"embeddable":true,"href":"https:\/\/digitale-selbstbestimmung.swiss\/home\/fr\/wp-json\/wp\/v2\/users\/1"}],"replies":[{"embeddable":true,"href":"https:\/\/digitale-selbstbestimmung.swiss\/home\/fr\/wp-json\/wp\/v2\/comments?post=231"}],"version-history":[{"count":18,"href":"https:\/\/digitale-selbstbestimmung.swiss\/home\/fr\/wp-json\/wp\/v2\/pages\/231\/revisions"}],"predecessor-version":[{"id":515,"href":"https:\/\/digitale-selbstbestimmung.swiss\/home\/fr\/wp-json\/wp\/v2\/pages\/231\/revisions\/515"}],"wp:attachment":[{"href":"https:\/\/digitale-selbstbestimmung.swiss\/home\/fr\/wp-json\/wp\/v2\/media?parent=231"}],"curies":[{"name":"wp","href":"https:\/\/api.w.org\/{rel}","templated":true}]}}