{"id":238,"date":"2021-04-07T14:18:26","date_gmt":"2021-04-07T12:18:26","guid":{"rendered":"https:\/\/digitale-selbstbestimmung.swiss\/?page_id=238"},"modified":"2022-12-20T17:19:43","modified_gmt":"2022-12-20T16:19:43","slug":"238-2","status":"publish","type":"page","link":"https:\/\/digitale-selbstbestimmung.swiss\/home\/fr\/238-2\/","title":{"rendered":"A propos de"},"content":{"rendered":"<p>[et_pb_section fb_built=&#8220;1&#8243; _builder_version=&#8220;4.9.2&#8243; _module_preset=&#8220;default&#8220;][et_pb_row _builder_version=&#8220;4.9.2&#8243; _module_preset=&#8220;default&#8220;][et_pb_column type=&#8220;4_4&#8243; _builder_version=&#8220;4.9.2&#8243; _module_preset=&#8220;default&#8220;][et_pb_text _builder_version=&#8220;4.9.2&#8243; _module_preset=&#8220;default&#8220; custom_margin=&#8220;-60px|||||&#8220; hover_enabled=&#8220;0&#8243; sticky_enabled=&#8220;0&#8243;]<\/p>\n<h1><strong><span style=\"font-size: large;\">Contexte<\/span><\/strong><\/h1>\n<p class=\" translation-block\">Les principes de l'autod\u00e9termination num\u00e9rique sont \u00e9nonc\u00e9s dans la Strat\u00e9gie \"Suisse num\u00e9rique\" du Conseil f\u00e9d\u00e9ral et dans la \"Politique ext\u00e9rieure num\u00e9rique\". Dans ce contexte, le r\u00e9seau \"Autod\u00e9termination num\u00e9rique\" a \u00e9t\u00e9 cr\u00e9\u00e9 en 2019 pour permettre aux citoyens, aux entreprises et aux institutions publiques d'utiliser l'\u00e9conomie des donn\u00e9es sur la base des valeurs fondamentales d\u00e9mocratiques lib\u00e9rales.<\/p>\n<p>Les partenaires suivants organisent la mise en place et le d\u00e9veloppement du r\u00e9seau d'autod\u00e9termination num\u00e9rique:<\/p>\n<ul>\n<li><span style=\"color: #0c71c3;\"><a style=\"color: #0c71c3;\" href=\"https:\/\/www.eda.admin.ch\/eda\/fr\/dfae\/dfae\/organisation-dfae\/directions-divisions\/direction-droit-international-public.html\" target=\"_blank\" rel=\"noopener\"><strong>DFAE DDIP<\/strong><\/a><\/span><\/li>\n<li><span style=\"color: #0c71c3;\"><a style=\"color: #0c71c3;\" href=\"https:\/\/www.bakom.admin.ch\/bakom\/fr\/page-daccueil.html\" target=\"_blank\" rel=\"noopener\"><strong>OFCOM<\/strong><\/a><\/span><\/li>\n<li><span style=\"color: #0c71c3;\"><a style=\"color: #0c71c3;\" href=\"https:\/\/www.satw.ch\/fr\/\" target=\"_blank\" rel=\"noopener\"><strong>SATW<\/strong><\/a><\/span><\/li>\n<li><a href=\"https:\/\/www.swissdataalliance.ch\/\" target=\"_blank\" rel=\"noopener\"><span style=\"color: #0c71c3;\"><strong>SWISS DATA ALLIANCE<\/strong>\u00a0<\/span><\/a><\/li>\n<\/ul>\n<p><strong>But<br \/>\n<\/strong>Le r\u00e9seau sert \u00e0 mettre en \u0153uvre l'autod\u00e9termination num\u00e9rique en Suisse. Sur la base de nos valeurs d\u00e9mocratiques, la soci\u00e9t\u00e9 doit exploiter de mani\u00e8re optimale le potentiel de l'\u00e9conomie des donn\u00e9es. Il faut que tous les acteurs travaillent ensemble et contribue \u00e0 la mise en place de plateformes num\u00e9riques et d'espaces de donn\u00e9es communs s\u00fbrs et fiables, afin d'utiliser la valeur ajout\u00e9e qui en r\u00e9sulte au profit de tous.<\/p>\n<p><strong>Principes<br \/>\n<\/strong>La mise en \u0153uvre de l'autod\u00e9termination num\u00e9rique n\u00e9cessite que les principes de base suivants soient garantis:<\/p>\n<ol>\n<li><strong>Confiance:<\/strong>La transparence sur qui a acc\u00e8s \u00e0 quelles donn\u00e9es, et dans quel but celles-ci sont collect\u00e9es et trait\u00e9es est centrale pour la tra\u00e7abilit\u00e9 et donc pour la confiance sociale dans la transformation num\u00e9rique.<\/li>\n<li><strong>Contr\u00f4le et partage autod\u00e9termin\u00e9:<\/strong> Les citoyens ont le contr\u00f4le de leurs donn\u00e9es personnelles. Ils peuvent effectivement acc\u00e9der \u00e0 toutes les donn\u00e9es importantes pour leurs d\u00e9cisions, \u00e9valuer la pertinence et la valeur potentielle de ces donn\u00e9es, et d\u00e9terminer eux-m\u00eames leur utilisation par des tiers sur cette base.<\/li>\n<li><strong>Ecosyst\u00e8mes bas\u00e9s sur les donn\u00e9es et centr\u00e9s sur l'utilisateur: <\/strong>Les \u00e9cosyst\u00e8mes bas\u00e9s sur les donn\u00e9es doivent \u00e9largir les choix des utilisateurs et offrir des solutions adapt\u00e9es \u00e0 leurs diff\u00e9rents besoins. Les utilisateurs doivent disposer d'offres modulables concernant l'\u00e9tendue de la divulgation de leurs donn\u00e9es, ainsi que d'informations compr\u00e9hensibles sur ces offres. Les particuliers doivent avoir la possibilit\u00e9 de transf\u00e9rer efficacement leurs propres donn\u00e9es \u00e0 d'autres prestataires de services.<\/li>\n<li><strong>D\u00e9centralisation et proximit\u00e9 avec les citoyens: <\/strong>Plut\u00f4t que d\u2019\u00eatre concentr\u00e9es dans les grandes entreprises technologiques ou aupr\u00e8s de l'Etat, les donn\u00e9es doivent \u00eatre contr\u00f4l\u00e9es par diff\u00e9rents acteurs. La d\u00e9centralisation de la ma\u00eetrise des donn\u00e9es permet de lutter contre les abus de pouvoir. La coop\u00e9ration en mati\u00e8re de donn\u00e9es doit cr\u00e9er de nouvelles possibilit\u00e9s d'utilisation des donn\u00e9es et servir \u00e0 am\u00e9liorer les services au niveau local et r\u00e9gional.<\/li>\n<\/ol>\n<h1><strong>Fonctions\/Activit\u00e9s du r\u00e9seau:<\/strong><\/h1>\n<ol>\n<li>Pour tous les acteurs int\u00e9ress\u00e9s, cr\u00e9ation d'opportunit\u00e9s d'\u00e9change sur les sujets, les activit\u00e9s et les exp\u00e9riences se rapportant \u00e0 des espaces de donn\u00e9es fiables et \u00e0 l'autod\u00e9termination num\u00e9rique<\/li>\n<li>Mise en r\u00e9seau des acteurs, suggestions de coop\u00e9ration et soutien au lancement ainsi qu\u2019\u00e0 la mise en \u0153uvre d'espaces de donn\u00e9es fiables<\/li>\n<li>Forum de consultation pour les d\u00e9cideurs publics<\/li>\n<li>Soutien et promotion de la coop\u00e9ration en mati\u00e8re de donn\u00e9es (sectorielle et\/ou intersectorielle)<\/li>\n<li>Possibilit\u00e9 d'organiser des \u00e9v\u00e9nements<\/li>\n<li>Possibilit\u00e9 de r\u00e9diger des documents de discussion<\/li>\n<\/ol>\n<p><strong>Membres<br \/>\n<\/strong>Le r\u00e9seau est compos\u00e9 d'acteurs engag\u00e9s issus de tous les groupes d'int\u00e9r\u00eats en Suisse. Il est ouvert \u00e0 toutes les personnes, entreprises et organisations qui souhaitent partager et soutenir l'id\u00e9e de l'autod\u00e9termination num\u00e9rique.<\/p>\n<p>[\/et_pb_text][\/et_pb_column][\/et_pb_row][et_pb_row _builder_version=&#8220;4.9.2&#8243; _module_preset=&#8220;default&#8220; custom_padding=&#8220;40px|||||&#8220;][et_pb_column type=&#8220;4_4&#8243; _builder_version=&#8220;4.9.2&#8243; _module_preset=&#8220;default&#8220;][et_pb_text _builder_version=&#8220;4.9.2&#8243; _module_preset=&#8220;default&#8220; hover_enabled=&#8220;0&#8243; sticky_enabled=&#8220;0&#8243;]<\/p>\n<p><strong>Comment puis-je participer?<br \/>\n<\/strong>Les personnes physiques et morales int\u00e9ress\u00e9es, enregistr\u00e9es en Suisse, peuvent devenir membres du r\u00e9seau - elles peuvent participer aux groupes de travail et aux ateliers intersectoriels et\/ou sectoriels.<\/p>\n<p>[\/et_pb_text][\/et_pb_column][\/et_pb_row][et_pb_row _builder_version=&#8220;4.9.2&#8243; _module_preset=&#8220;default&#8220;][et_pb_column type=&#8220;4_4&#8243; _builder_version=&#8220;4.9.2&#8243; _module_preset=&#8220;default&#8220;][et_pb_button button_url=&#8220;@ET-DC@eyJkeW5hbWljIjp0cnVlLCJjb250ZW50IjoicG9zdF9saW5rX3VybF9wYWdlIiwic2V0dGluZ3MiOnsicG9zdF9pZCI6IjM0NiJ9fQ==@&#8220; button_text=&#8220; Mitglied werden&#8220; button_alignment=&#8220;center&#8220; _builder_version=&#8220;4.9.2&#8243; _dynamic_attributes=&#8220;button_url&#8220; _module_preset=&#8220;default&#8220; custom_button=&#8220;on&#8220; button_text_size=&#8220;25px&#8220; button_text_color=&#8220;#FFFFFF&#8220; button_bg_color=&#8220;#E02B20&#8243; button_border_radius=&#8220;10px&#8220;][\/et_pb_button][\/et_pb_column][\/et_pb_row][\/et_pb_section]<\/p>","protected":false},"excerpt":{"rendered":"<p>[et_pb_section fb_built=&#8220;1&#8243; _builder_version=&#8220;4.9.2&#8243; _module_preset=&#8220;default&#8220;][et_pb_row _builder_version=&#8220;4.9.2&#8243; _module_preset=&#8220;default&#8220;][et_pb_column type=&#8220;4_4&#8243; _builder_version=&#8220;4.9.2&#8243; _module_preset=&#8220;default&#8220;][et_pb_text _builder_version=&#8220;4.9.2&#8243; _module_preset=&#8220;default&#8220; custom_margin=&#8220;-60px|||||&#8220; hover_enabled=&#8220;0&#8243; sticky_enabled=&#8220;0&#8243;] Hintergrund Die Grunds\u00e4tze der digitalen Selbstbestimmung sind in der bundesr\u00e4tlichen Strategie \u00abDigitale Schweiz\u00bb sowie der \u00abDigitalaussenpolitik\u00bb festgelegt. In diesem Kontext hat sich 2019 das Netzwerk \u00abDigitale Selbstbestimmung\u00bb formiert, um B\u00fcrgerinnen und B\u00fcrgern, Unternehmen und \u00f6ffentlichen Einrichtungen eine Nutzung der Datenwirtschaft auf [&hellip;]<\/p>","protected":false},"author":1,"featured_media":0,"parent":0,"menu_order":0,"comment_status":"closed","ping_status":"closed","template":"","meta":{"_et_pb_use_builder":"on","_et_pb_old_content":"","_et_gb_content_width":"","footnotes":""},"class_list":["post-238","page","type-page","status-publish","hentry"],"yoast_head":"<!-- This site is optimized with the Yoast SEO plugin v22.5 - https:\/\/yoast.com\/wordpress\/plugins\/seo\/ -->\n<title>About - Digitale Selbstbestimmung<\/title>\n<meta name=\"description\" content=\"Die Grunds\u00e4tze der digitalen Selbstbestimmung sind in der bundesr\u00e4tlichen Strategie \u00abDigitale Schweiz\u00bb sowie der \u00abDigitalaussenpolitik\u00bb festgelegt. In diesem Kontext hat sich 2019 das Netzwerk \u00abDigitale Selbstbestimmung\u00bb formiert, um B\u00fcrgerinnen und B\u00fcrgern, Unternehmen und \u00f6ffentlichen Einrichtungen eine Nutzung der Datenwirtschaft auf der Basis freiheitlich-demokratischer Grundwerte zu erm\u00f6glichen.\" \/>\n<meta name=\"robots\" content=\"index, follow, max-snippet:-1, max-image-preview:large, max-video-preview:-1\" \/>\n<link rel=\"canonical\" href=\"https:\/\/digitale-selbstbestimmung.swiss\/home\/fr\/238-2\/\" \/>\n<meta property=\"og:locale\" content=\"fr_FR\" \/>\n<meta property=\"og:type\" content=\"article\" \/>\n<meta property=\"og:title\" content=\"About - Digitale Selbstbestimmung\" \/>\n<meta property=\"og:description\" content=\"Die Grunds\u00e4tze der digitalen Selbstbestimmung sind in der bundesr\u00e4tlichen Strategie \u00abDigitale Schweiz\u00bb sowie der \u00abDigitalaussenpolitik\u00bb festgelegt. In diesem Kontext hat sich 2019 das Netzwerk \u00abDigitale Selbstbestimmung\u00bb formiert, um B\u00fcrgerinnen und B\u00fcrgern, Unternehmen und \u00f6ffentlichen Einrichtungen eine Nutzung der Datenwirtschaft auf der Basis freiheitlich-demokratischer Grundwerte zu erm\u00f6glichen.\" \/>\n<meta property=\"og:url\" content=\"https:\/\/digitale-selbstbestimmung.swiss\/home\/fr\/238-2\/\" \/>\n<meta property=\"og:site_name\" content=\"Digitale Selbstbestimmung\" \/>\n<meta property=\"article:modified_time\" content=\"2022-12-20T16:19:43+00:00\" \/>\n<meta name=\"twitter:card\" content=\"summary_large_image\" \/>\n<meta name=\"twitter:label1\" content=\"Dur\u00e9e de lecture estim\u00e9e\" \/>\n\t<meta name=\"twitter:data1\" content=\"3 minutes\" \/>\n<script type=\"application\/ld+json\" class=\"yoast-schema-graph\">{\"@context\":\"https:\/\/schema.org\",\"@graph\":[{\"@type\":\"WebPage\",\"@id\":\"https:\/\/digitale-selbstbestimmung.swiss\/home\/238-2\/\",\"url\":\"https:\/\/digitale-selbstbestimmung.swiss\/home\/238-2\/\",\"name\":\"About - Digitale Selbstbestimmung\",\"isPartOf\":{\"@id\":\"https:\/\/digitale-selbstbestimmung.swiss\/home\/#website\"},\"datePublished\":\"2021-04-07T12:18:26+00:00\",\"dateModified\":\"2022-12-20T16:19:43+00:00\",\"description\":\"Die Grunds\u00e4tze der digitalen Selbstbestimmung sind in der bundesr\u00e4tlichen Strategie \u00abDigitale Schweiz\u00bb sowie der \u00abDigitalaussenpolitik\u00bb festgelegt. In diesem Kontext hat sich 2019 das Netzwerk \u00abDigitale Selbstbestimmung\u00bb formiert, um B\u00fcrgerinnen und B\u00fcrgern, Unternehmen und \u00f6ffentlichen Einrichtungen eine Nutzung der Datenwirtschaft auf der Basis freiheitlich-demokratischer Grundwerte zu erm\u00f6glichen.\",\"breadcrumb\":{\"@id\":\"https:\/\/digitale-selbstbestimmung.swiss\/home\/238-2\/#breadcrumb\"},\"inLanguage\":\"fr-FR\",\"potentialAction\":[{\"@type\":\"ReadAction\",\"target\":[\"https:\/\/digitale-selbstbestimmung.swiss\/home\/238-2\/\"]}]},{\"@type\":\"BreadcrumbList\",\"@id\":\"https:\/\/digitale-selbstbestimmung.swiss\/home\/238-2\/#breadcrumb\",\"itemListElement\":[{\"@type\":\"ListItem\",\"position\":1,\"name\":\"Startseite\",\"item\":\"https:\/\/digitale-selbstbestimmung.swiss\/home\/\"},{\"@type\":\"ListItem\",\"position\":2,\"name\":\"About\"}]},{\"@type\":\"WebSite\",\"@id\":\"https:\/\/digitale-selbstbestimmung.swiss\/home\/#website\",\"url\":\"https:\/\/digitale-selbstbestimmung.swiss\/home\/\",\"name\":\"Digitale Selbstbestimmung\",\"description\":\"\",\"publisher\":{\"@id\":\"https:\/\/digitale-selbstbestimmung.swiss\/home\/#organization\"},\"potentialAction\":[{\"@type\":\"SearchAction\",\"target\":{\"@type\":\"EntryPoint\",\"urlTemplate\":\"https:\/\/digitale-selbstbestimmung.swiss\/home\/?s={search_term_string}\"},\"query-input\":\"required name=search_term_string\"}],\"inLanguage\":\"fr-FR\"},{\"@type\":\"Organization\",\"@id\":\"https:\/\/digitale-selbstbestimmung.swiss\/home\/#organization\",\"name\":\"Netzwerk Digitale Selbstbestimmung\",\"url\":\"https:\/\/digitale-selbstbestimmung.swiss\/home\/\",\"logo\":{\"@type\":\"ImageObject\",\"inLanguage\":\"fr-FR\",\"@id\":\"https:\/\/digitale-selbstbestimmung.swiss\/home\/#\/schema\/logo\/image\/\",\"url\":\"https:\/\/digitale-selbstbestimmung.swiss\/wp-content\/uploads\/2021\/03\/LogoDigiSB.jpg\",\"contentUrl\":\"https:\/\/digitale-selbstbestimmung.swiss\/wp-content\/uploads\/2021\/03\/LogoDigiSB.jpg\",\"width\":1378,\"height\":660,\"caption\":\"Netzwerk Digitale Selbstbestimmung\"},\"image\":{\"@id\":\"https:\/\/digitale-selbstbestimmung.swiss\/home\/#\/schema\/logo\/image\/\"}}]}<\/script>\n<!-- \/ Yoast SEO plugin. -->","yoast_head_json":{"title":"About - Digitale Selbstbestimmung","description":"Die Grunds\u00e4tze der digitalen Selbstbestimmung sind in der bundesr\u00e4tlichen Strategie \u00abDigitale Schweiz\u00bb sowie der \u00abDigitalaussenpolitik\u00bb festgelegt. In diesem Kontext hat sich 2019 das Netzwerk \u00abDigitale Selbstbestimmung\u00bb formiert, um B\u00fcrgerinnen und B\u00fcrgern, Unternehmen und \u00f6ffentlichen Einrichtungen eine Nutzung der Datenwirtschaft auf der Basis freiheitlich-demokratischer Grundwerte zu erm\u00f6glichen.","robots":{"index":"index","follow":"follow","max-snippet":"max-snippet:-1","max-image-preview":"max-image-preview:large","max-video-preview":"max-video-preview:-1"},"canonical":"https:\/\/digitale-selbstbestimmung.swiss\/home\/fr\/238-2\/","og_locale":"fr_FR","og_type":"article","og_title":"About - Digitale Selbstbestimmung","og_description":"Die Grunds\u00e4tze der digitalen Selbstbestimmung sind in der bundesr\u00e4tlichen Strategie \u00abDigitale Schweiz\u00bb sowie der \u00abDigitalaussenpolitik\u00bb festgelegt. In diesem Kontext hat sich 2019 das Netzwerk \u00abDigitale Selbstbestimmung\u00bb formiert, um B\u00fcrgerinnen und B\u00fcrgern, Unternehmen und \u00f6ffentlichen Einrichtungen eine Nutzung der Datenwirtschaft auf der Basis freiheitlich-demokratischer Grundwerte zu erm\u00f6glichen.","og_url":"https:\/\/digitale-selbstbestimmung.swiss\/home\/fr\/238-2\/","og_site_name":"Digitale Selbstbestimmung","article_modified_time":"2022-12-20T16:19:43+00:00","twitter_card":"summary_large_image","twitter_misc":{"Dur\u00e9e de lecture estim\u00e9e":"3 minutes"},"schema":{"@context":"https:\/\/schema.org","@graph":[{"@type":"WebPage","@id":"https:\/\/digitale-selbstbestimmung.swiss\/home\/238-2\/","url":"https:\/\/digitale-selbstbestimmung.swiss\/home\/238-2\/","name":"About - Digitale Selbstbestimmung","isPartOf":{"@id":"https:\/\/digitale-selbstbestimmung.swiss\/home\/#website"},"datePublished":"2021-04-07T12:18:26+00:00","dateModified":"2022-12-20T16:19:43+00:00","description":"Die Grunds\u00e4tze der digitalen Selbstbestimmung sind in der bundesr\u00e4tlichen Strategie \u00abDigitale Schweiz\u00bb sowie der \u00abDigitalaussenpolitik\u00bb festgelegt. In diesem Kontext hat sich 2019 das Netzwerk \u00abDigitale Selbstbestimmung\u00bb formiert, um B\u00fcrgerinnen und B\u00fcrgern, Unternehmen und \u00f6ffentlichen Einrichtungen eine Nutzung der Datenwirtschaft auf der Basis freiheitlich-demokratischer Grundwerte zu erm\u00f6glichen.","breadcrumb":{"@id":"https:\/\/digitale-selbstbestimmung.swiss\/home\/238-2\/#breadcrumb"},"inLanguage":"fr-FR","potentialAction":[{"@type":"ReadAction","target":["https:\/\/digitale-selbstbestimmung.swiss\/home\/238-2\/"]}]},{"@type":"BreadcrumbList","@id":"https:\/\/digitale-selbstbestimmung.swiss\/home\/238-2\/#breadcrumb","itemListElement":[{"@type":"ListItem","position":1,"name":"Startseite","item":"https:\/\/digitale-selbstbestimmung.swiss\/home\/"},{"@type":"ListItem","position":2,"name":"About"}]},{"@type":"WebSite","@id":"https:\/\/digitale-selbstbestimmung.swiss\/home\/#website","url":"https:\/\/digitale-selbstbestimmung.swiss\/home\/","name":"Digitale Selbstbestimmung","description":"","publisher":{"@id":"https:\/\/digitale-selbstbestimmung.swiss\/home\/#organization"},"potentialAction":[{"@type":"SearchAction","target":{"@type":"EntryPoint","urlTemplate":"https:\/\/digitale-selbstbestimmung.swiss\/home\/?s={search_term_string}"},"query-input":"required name=search_term_string"}],"inLanguage":"fr-FR"},{"@type":"Organization","@id":"https:\/\/digitale-selbstbestimmung.swiss\/home\/#organization","name":"Netzwerk Digitale Selbstbestimmung","url":"https:\/\/digitale-selbstbestimmung.swiss\/home\/","logo":{"@type":"ImageObject","inLanguage":"fr-FR","@id":"https:\/\/digitale-selbstbestimmung.swiss\/home\/#\/schema\/logo\/image\/","url":"https:\/\/digitale-selbstbestimmung.swiss\/wp-content\/uploads\/2021\/03\/LogoDigiSB.jpg","contentUrl":"https:\/\/digitale-selbstbestimmung.swiss\/wp-content\/uploads\/2021\/03\/LogoDigiSB.jpg","width":1378,"height":660,"caption":"Netzwerk Digitale Selbstbestimmung"},"image":{"@id":"https:\/\/digitale-selbstbestimmung.swiss\/home\/#\/schema\/logo\/image\/"}}]}},"_links":{"self":[{"href":"https:\/\/digitale-selbstbestimmung.swiss\/home\/fr\/wp-json\/wp\/v2\/pages\/238","targetHints":{"allow":["GET"]}}],"collection":[{"href":"https:\/\/digitale-selbstbestimmung.swiss\/home\/fr\/wp-json\/wp\/v2\/pages"}],"about":[{"href":"https:\/\/digitale-selbstbestimmung.swiss\/home\/fr\/wp-json\/wp\/v2\/types\/page"}],"author":[{"embeddable":true,"href":"https:\/\/digitale-selbstbestimmung.swiss\/home\/fr\/wp-json\/wp\/v2\/users\/1"}],"replies":[{"embeddable":true,"href":"https:\/\/digitale-selbstbestimmung.swiss\/home\/fr\/wp-json\/wp\/v2\/comments?post=238"}],"version-history":[{"count":23,"href":"https:\/\/digitale-selbstbestimmung.swiss\/home\/fr\/wp-json\/wp\/v2\/pages\/238\/revisions"}],"predecessor-version":[{"id":598,"href":"https:\/\/digitale-selbstbestimmung.swiss\/home\/fr\/wp-json\/wp\/v2\/pages\/238\/revisions\/598"}],"wp:attachment":[{"href":"https:\/\/digitale-selbstbestimmung.swiss\/home\/fr\/wp-json\/wp\/v2\/media?parent=238"}],"curies":[{"name":"wp","href":"https:\/\/api.w.org\/{rel}","templated":true}]}}