{"id":251,"date":"2021-04-07T14:40:49","date_gmt":"2021-04-07T12:40:49","guid":{"rendered":"https:\/\/digitale-selbstbestimmung.swiss\/?page_id=251"},"modified":"2021-05-10T15:28:12","modified_gmt":"2021-05-10T13:28:12","slug":"events","status":"publish","type":"page","link":"https:\/\/digitale-selbstbestimmung.swiss\/home\/fr\/events\/","title":{"rendered":"Ev\u00e9nements"},"content":{"rendered":"[et_pb_section fb_built=&#8220;1&#8243; _builder_version=&#8220;4.9.2&#8243; _module_preset=&#8220;default&#8220;][et_pb_row _builder_version=&#8220;4.9.2&#8243; _module_preset=&#8220;default&#8220;][et_pb_column type=&#8220;4_4&#8243; _builder_version=&#8220;4.9.2&#8243; _module_preset=&#8220;default&#8220;][et_pb_text _builder_version=&#8220;4.9.2&#8243; _module_preset=&#8220;default&#8220;]<p>Vous \u00eates int\u00e9ress\u00e9 par l'un de nos \u00e9v\u00e9nements ? Veuillez alors nous contacter via le formulaire de contact.<\/p>[\/et_pb_text][\/et_pb_column][\/et_pb_row][et_pb_row _builder_version=&#8220;4.9.2&#8243; _module_preset=&#8220;default&#8220;][et_pb_column type=&#8220;4_4&#8243; _builder_version=&#8220;4.9.2&#8243; _module_preset=&#8220;default&#8220;][et_pb_button button_url=&#8220;@ET-DC@eyJkeW5hbWljIjp0cnVlLCJjb250ZW50IjoicG9zdF9saW5rX3VybF9wYWdlIiwic2V0dGluZ3MiOnsicG9zdF9pZCI6IjI1OSJ9fQ==@&#8220; button_text=&#8220;Kontakt&#8220; button_alignment=&#8220;center&#8220; _builder_version=&#8220;4.9.2&#8243; _dynamic_attributes=&#8220;button_url&#8220; _module_preset=&#8220;default&#8220; custom_button=&#8220;on&#8220; button_text_size=&#8220;25px&#8220; button_text_color=&#8220;#FFFFFF&#8220; button_bg_color=&#8220;#E02B20&#8243; button_border_radius=&#8220;10px&#8220; hover_enabled=&#8220;0&#8243; sticky_enabled=&#8220;0&#8243;][\/et_pb_button][\/et_pb_column][\/et_pb_row][\/et_pb_section]","protected":false},"excerpt":{"rendered":"","protected":false},"author":1,"featured_media":0,"parent":0,"menu_order":0,"comment_status":"closed","ping_status":"closed","template":"","meta":{"_et_pb_use_builder":"on","_et_pb_old_content":"","_et_gb_content_width":"","footnotes":""},"class_list":["post-251","page","type-page","status-publish","hentry"],"yoast_head":"<!-- This site is optimized with the Yoast SEO plugin v22.5 - https:\/\/yoast.com\/wordpress\/plugins\/seo\/ -->\n<title>Events - Digitale Selbstbestimmung<\/title>\n<meta name=\"robots\" content=\"noindex, nofollow\" \/>\n<meta property=\"og:locale\" content=\"fr_FR\" \/>\n<meta property=\"og:type\" content=\"article\" \/>\n<meta property=\"og:title\" content=\"Events - Digitale Selbstbestimmung\" \/>\n<meta property=\"og:url\" content=\"https:\/\/digitale-selbstbestimmung.swiss\/home\/fr\/events\/\" \/>\n<meta property=\"og:site_name\" content=\"Digitale Selbstbestimmung\" \/>\n<meta property=\"article:modified_time\" content=\"2021-05-10T13:28:12+00:00\" \/>\n<meta name=\"twitter:card\" content=\"summary_large_image\" \/>\n<meta name=\"twitter:label1\" content=\"Dur\u00e9e de lecture estim\u00e9e\" \/>\n\t<meta name=\"twitter:data1\" content=\"1 minute\" \/>\n<script type=\"application\/ld+json\" class=\"yoast-schema-graph\">{\"@context\":\"https:\/\/schema.org\",\"@graph\":[{\"@type\":\"WebPage\",\"@id\":\"https:\/\/digitale-selbstbestimmung.swiss\/home\/events\/\",\"url\":\"https:\/\/digitale-selbstbestimmung.swiss\/home\/events\/\",\"name\":\"Events - Digitale Selbstbestimmung\",\"isPartOf\":{\"@id\":\"https:\/\/digitale-selbstbestimmung.swiss\/home\/#website\"},\"datePublished\":\"2021-04-07T12:40:49+00:00\",\"dateModified\":\"2021-05-10T13:28:12+00:00\",\"breadcrumb\":{\"@id\":\"https:\/\/digitale-selbstbestimmung.swiss\/home\/events\/#breadcrumb\"},\"inLanguage\":\"fr-FR\",\"potentialAction\":[{\"@type\":\"ReadAction\",\"target\":[\"https:\/\/digitale-selbstbestimmung.swiss\/home\/events\/\"]}]},{\"@type\":\"BreadcrumbList\",\"@id\":\"https:\/\/digitale-selbstbestimmung.swiss\/home\/events\/#breadcrumb\",\"itemListElement\":[{\"@type\":\"ListItem\",\"position\":1,\"name\":\"Startseite\",\"item\":\"https:\/\/digitale-selbstbestimmung.swiss\/home\/\"},{\"@type\":\"ListItem\",\"position\":2,\"name\":\"Events\"}]},{\"@type\":\"WebSite\",\"@id\":\"https:\/\/digitale-selbstbestimmung.swiss\/home\/#website\",\"url\":\"https:\/\/digitale-selbstbestimmung.swiss\/home\/\",\"name\":\"Digitale Selbstbestimmung\",\"description\":\"\",\"publisher\":{\"@id\":\"https:\/\/digitale-selbstbestimmung.swiss\/home\/#organization\"},\"potentialAction\":[{\"@type\":\"SearchAction\",\"target\":{\"@type\":\"EntryPoint\",\"urlTemplate\":\"https:\/\/digitale-selbstbestimmung.swiss\/home\/?s={search_term_string}\"},\"query-input\":\"required name=search_term_string\"}],\"inLanguage\":\"fr-FR\"},{\"@type\":\"Organization\",\"@id\":\"https:\/\/digitale-selbstbestimmung.swiss\/home\/#organization\",\"name\":\"Netzwerk Digitale Selbstbestimmung\",\"url\":\"https:\/\/digitale-selbstbestimmung.swiss\/home\/\",\"logo\":{\"@type\":\"ImageObject\",\"inLanguage\":\"fr-FR\",\"@id\":\"https:\/\/digitale-selbstbestimmung.swiss\/home\/#\/schema\/logo\/image\/\",\"url\":\"https:\/\/digitale-selbstbestimmung.swiss\/wp-content\/uploads\/2021\/03\/LogoDigiSB.jpg\",\"contentUrl\":\"https:\/\/digitale-selbstbestimmung.swiss\/wp-content\/uploads\/2021\/03\/LogoDigiSB.jpg\",\"width\":1378,\"height\":660,\"caption\":\"Netzwerk Digitale Selbstbestimmung\"},\"image\":{\"@id\":\"https:\/\/digitale-selbstbestimmung.swiss\/home\/#\/schema\/logo\/image\/\"}}]}<\/script>\n<!-- \/ Yoast SEO plugin. -->","yoast_head_json":{"title":"Events - Digitale Selbstbestimmung","robots":{"index":"noindex","follow":"nofollow"},"og_locale":"fr_FR","og_type":"article","og_title":"Events - Digitale Selbstbestimmung","og_url":"https:\/\/digitale-selbstbestimmung.swiss\/home\/fr\/events\/","og_site_name":"Digitale Selbstbestimmung","article_modified_time":"2021-05-10T13:28:12+00:00","twitter_card":"summary_large_image","twitter_misc":{"Dur\u00e9e de lecture estim\u00e9e":"1 minute"},"schema":{"@context":"https:\/\/schema.org","@graph":[{"@type":"WebPage","@id":"https:\/\/digitale-selbstbestimmung.swiss\/home\/events\/","url":"https:\/\/digitale-selbstbestimmung.swiss\/home\/events\/","name":"Events - Digitale Selbstbestimmung","isPartOf":{"@id":"https:\/\/digitale-selbstbestimmung.swiss\/home\/#website"},"datePublished":"2021-04-07T12:40:49+00:00","dateModified":"2021-05-10T13:28:12+00:00","breadcrumb":{"@id":"https:\/\/digitale-selbstbestimmung.swiss\/home\/events\/#breadcrumb"},"inLanguage":"fr-FR","potentialAction":[{"@type":"ReadAction","target":["https:\/\/digitale-selbstbestimmung.swiss\/home\/events\/"]}]},{"@type":"BreadcrumbList","@id":"https:\/\/digitale-selbstbestimmung.swiss\/home\/events\/#breadcrumb","itemListElement":[{"@type":"ListItem","position":1,"name":"Startseite","item":"https:\/\/digitale-selbstbestimmung.swiss\/home\/"},{"@type":"ListItem","position":2,"name":"Events"}]},{"@type":"WebSite","@id":"https:\/\/digitale-selbstbestimmung.swiss\/home\/#website","url":"https:\/\/digitale-selbstbestimmung.swiss\/home\/","name":"Digitale Selbstbestimmung","description":"","publisher":{"@id":"https:\/\/digitale-selbstbestimmung.swiss\/home\/#organization"},"potentialAction":[{"@type":"SearchAction","target":{"@type":"EntryPoint","urlTemplate":"https:\/\/digitale-selbstbestimmung.swiss\/home\/?s={search_term_string}"},"query-input":"required name=search_term_string"}],"inLanguage":"fr-FR"},{"@type":"Organization","@id":"https:\/\/digitale-selbstbestimmung.swiss\/home\/#organization","name":"Netzwerk Digitale Selbstbestimmung","url":"https:\/\/digitale-selbstbestimmung.swiss\/home\/","logo":{"@type":"ImageObject","inLanguage":"fr-FR","@id":"https:\/\/digitale-selbstbestimmung.swiss\/home\/#\/schema\/logo\/image\/","url":"https:\/\/digitale-selbstbestimmung.swiss\/wp-content\/uploads\/2021\/03\/LogoDigiSB.jpg","contentUrl":"https:\/\/digitale-selbstbestimmung.swiss\/wp-content\/uploads\/2021\/03\/LogoDigiSB.jpg","width":1378,"height":660,"caption":"Netzwerk Digitale Selbstbestimmung"},"image":{"@id":"https:\/\/digitale-selbstbestimmung.swiss\/home\/#\/schema\/logo\/image\/"}}]}},"_links":{"self":[{"href":"https:\/\/digitale-selbstbestimmung.swiss\/home\/fr\/wp-json\/wp\/v2\/pages\/251","targetHints":{"allow":["GET"]}}],"collection":[{"href":"https:\/\/digitale-selbstbestimmung.swiss\/home\/fr\/wp-json\/wp\/v2\/pages"}],"about":[{"href":"https:\/\/digitale-selbstbestimmung.swiss\/home\/fr\/wp-json\/wp\/v2\/types\/page"}],"author":[{"embeddable":true,"href":"https:\/\/digitale-selbstbestimmung.swiss\/home\/fr\/wp-json\/wp\/v2\/users\/1"}],"replies":[{"embeddable":true,"href":"https:\/\/digitale-selbstbestimmung.swiss\/home\/fr\/wp-json\/wp\/v2\/comments?post=251"}],"version-history":[{"count":11,"href":"https:\/\/digitale-selbstbestimmung.swiss\/home\/fr\/wp-json\/wp\/v2\/pages\/251\/revisions"}],"predecessor-version":[{"id":514,"href":"https:\/\/digitale-selbstbestimmung.swiss\/home\/fr\/wp-json\/wp\/v2\/pages\/251\/revisions\/514"}],"wp:attachment":[{"href":"https:\/\/digitale-selbstbestimmung.swiss\/home\/fr\/wp-json\/wp\/v2\/media?parent=251"}],"curies":[{"name":"wp","href":"https:\/\/api.w.org\/{rel}","templated":true}]}}