{"id":238,"date":"2021-04-07T14:18:26","date_gmt":"2021-04-07T12:18:26","guid":{"rendered":"https:\/\/digitale-selbstbestimmung.swiss\/?page_id=238"},"modified":"2022-12-20T17:19:43","modified_gmt":"2022-12-20T16:19:43","slug":"238-2","status":"publish","type":"page","link":"https:\/\/digitale-selbstbestimmung.swiss\/home\/238-2\/","title":{"rendered":"About"},"content":{"rendered":"<p>[et_pb_section fb_built=&#8220;1&#8243; _builder_version=&#8220;4.9.2&#8243; _module_preset=&#8220;default&#8220;][et_pb_row _builder_version=&#8220;4.9.2&#8243; _module_preset=&#8220;default&#8220;][et_pb_column type=&#8220;4_4&#8243; _builder_version=&#8220;4.9.2&#8243; _module_preset=&#8220;default&#8220;][et_pb_text _builder_version=&#8220;4.9.2&#8243; _module_preset=&#8220;default&#8220; custom_margin=&#8220;-60px|||||&#8220; hover_enabled=&#8220;0&#8243; sticky_enabled=&#8220;0&#8243;]<\/p>\n<h1><strong><span style=\"font-size: large;\">Hintergrund<\/span><\/strong><\/h1>\n<p>Die Grunds\u00e4tze der digitalen Selbstbestimmung sind in der bundesr\u00e4tlichen <a href=\"https:\/\/www.bk.admin.ch\/bk\/de\/home\/digitale-transformation-ikt-lenkung\/digitale-schweiz.html\">Strategie \u00abDigitale Schweiz\u00bb<\/a> sowie der <a href=\"https:\/\/www.eda.admin.ch\/eda\/de\/home\/das-eda\/aktuell\/news.html\/content\/eda\/de\/meta\/news\/2020\/11\/4\/80981\">\u00abDigitalaussenpolitik\u00bb<\/a> festgelegt. In diesem Kontext hat sich 2019 das Netzwerk \u00abDigitale Selbstbestimmung\u00bb formiert, um B\u00fcrgerinnen und B\u00fcrgern, Unternehmen und \u00f6ffentlichen Einrichtungen eine Nutzung der Datenwirtschaft auf der Basis freiheitlich-demokratischer Grundwerte zu erm\u00f6glichen.<em>\u00a0<\/em><\/p>\n<p>Die folgenden Partner organisieren den Aufbau und die Weiterentwicklung des Netzwerks digitale Selbstbestimmung:<\/p>\n<ul>\n<li><span style=\"color: #0c71c3;\"><a style=\"color: #0c71c3;\" href=\"https:\/\/www.eda.admin.ch\/eda\/de\/home\/das-eda\/organisation-deseda\/direktionen-abteilungen\/direktion-fuer-voelkerrecht.html\" target=\"_blank\" rel=\"noopener\"><strong>EDA DV<\/strong><\/a><\/span><\/li>\n<li><span style=\"color: #0c71c3;\"><a style=\"color: #0c71c3;\" href=\"https:\/\/www.bakom.admin.ch\/bakom\/de\/home.html\" target=\"_blank\" rel=\"noopener\"><strong>BAKOM<\/strong><\/a><\/span><\/li>\n<li><span style=\"color: #0c71c3;\"><a style=\"color: #0c71c3;\" href=\"https:\/\/www.satw.ch\/\" target=\"_blank\" rel=\"noopener\"><strong>SATW<\/strong><\/a><\/span><\/li>\n<li><a href=\"https:\/\/www.swissdataalliance.ch\/\" target=\"_blank\" rel=\"noopener\"><span style=\"color: #0c71c3;\"><strong>SWISS DATA ALLIANCE<\/strong>\u00a0<\/span><\/a><\/li>\n<\/ul>\n<p><strong>Ziel und Zweck<br \/>\n<\/strong>Das Netzwerk dient der Umsetzung der Digitalen Selbstbestimmung in der Schweiz. Unsere Gesellschaft soll das Potenzial der Datenwirtschaft auf Basis unserer demokratischen Werte optimal nutzen. Alle Akteure sollen zusammenarbeiten und zu gemeinsamen sicheren und vertrauensw\u00fcrdigen digitalen Plattformen und Datenr\u00e4umen beitragen, um den entstehenden Mehrwert zum Nutzen aller einzusetzen.<\/p>\n<p><strong>Prinzipien<br \/>\n<\/strong>Die Umsetzung der Digitalen Selbstbestimmung erfordert die Gew\u00e4hrleistung der folgenden Grundprinzipien:<\/p>\n<ol>\n<li><strong>Vertrauen<\/strong>: Transparenz dar\u00fcber, wer Zugang zu welchen Daten hat, sowie zu welchem Zweck die Daten gesammelt und verarbeitet werden, ist zentral f\u00fcr die Nachvollziehbarkeit und damit f\u00fcr das gesellschaftliche Vertrauen in die digitale Transformation.<\/li>\n<li><strong>Kontrolle und selbstbestimmte Weitergabe:<\/strong> B\u00fcrgerinnen und B\u00fcrger haben die Kontrolle \u00fcber ihre pers\u00f6nlichen Daten. Sie k\u00f6nnen effektiv auf alle f\u00fcr ihre Entscheidungen relevanten Daten zugreifen, die Aussagekraft und den potenziellen Wert dieser Daten einsch\u00e4tzen und deren Nutzung durch Dritte auf dieser Basis selbst bestimmen.<\/li>\n<li><strong>Nutzerorientierte datenbasierte \u00d6kosysteme: <\/strong>Datenbasierte \u00d6kosysteme sollen die Wahlm\u00f6glichkeiten von Nutzer*innen vergr\u00f6ssern und f\u00fcr ihre unterschiedlichen Bed\u00fcrfnisse massgeschneiderte L\u00f6sungen bieten. Den Nutzer*innen sollen skalierbare Angebote bez\u00fcglich des Umfangs der Preisgabe ihrer Daten und verst\u00e4ndliche Informationen \u00fcber diese Angebote zur Verf\u00fcgung stehen. Individuen sollen die M\u00f6glichkeit haben, eigene Daten effizient auf andere Dienstleister zu \u00fcbertragen.<\/li>\n<li><strong>Dezentralisierung und B\u00fcrgern\u00e4he: <\/strong>Als Alternative zur Datenkonzentration bei grossen Technologieunternehmungen oder beim Staat sollen Daten durch verschiedene Akteure kontrolliert werden. Eine Dezentralisierung der Datenherrschaft wirkt Machtmissbrauch entgegen. Datenkooperationen sollen neue M\u00f6glichkeiten f\u00fcr den Gebrauch von Daten schaffen und der Verbesserung von Dienstleistungen auf lokaler und regionaler Ebene dienen.<\/li>\n<\/ol>\n<h1><strong>Funktionen\/Aktivit\u00e4ten des Netzwerks:<\/strong><\/h1>\n<ol>\n<li>Schaffung von Austauschm\u00f6glichkeiten f\u00fcr alle Interessierten zu Themen, Aktivit\u00e4ten und Erfahrungen rund um vertrauensw\u00fcrdige Datenr\u00e4ume und Digitale Selbstbestimmung<\/li>\n<li>Vernetzung von Stakeholdern, Anregungen zu Kooperationen sowie Unterst\u00fctzung in der Initiierung und Umsetzung von vertrauensw\u00fcrdigen Datenr\u00e4umen<\/li>\n<li>Konsultationsforum f\u00fcr \u00f6ffentliche Entscheidungstr\u00e4ger<\/li>\n<li>Unterst\u00fctzung und F\u00f6rderungen von Datenkooperationen (sektoriell und\/oder \u00fcbergreifend)<\/li>\n<li>M\u00f6glichkeit Veranstaltungen zu organisieren<\/li>\n<li>M\u00f6glichkeit der Verfassung von Diskussionspapieren<\/li>\n<\/ol>\n<p><strong>Mitglieder<br \/>\n<\/strong>Das Netzwerk besteht aus engagierten Akteuren aller Interessengruppen in der Schweiz. Es steht allen Individuen, Unternehmen und Organisationen offen, die die Idee der digitalen Selbstbestimmung teilen und unterst\u00fctzen m\u00f6chten.<\/p>\n<p>[\/et_pb_text][\/et_pb_column][\/et_pb_row][et_pb_row _builder_version=&#8220;4.9.2&#8243; _module_preset=&#8220;default&#8220; custom_padding=&#8220;40px|||||&#8220;][et_pb_column type=&#8220;4_4&#8243; _builder_version=&#8220;4.9.2&#8243; _module_preset=&#8220;default&#8220;][et_pb_text _builder_version=&#8220;4.9.2&#8243; _module_preset=&#8220;default&#8220; hover_enabled=&#8220;0&#8243; sticky_enabled=&#8220;0&#8243;]<\/p>\n<p><strong>Wie kann ich mitmachen?<br \/>\n<\/strong>Interessierte nat\u00fcrliche und juristische Personen, die in der Schweiz registriert sind, k\u00f6nnen Mitglied des Netzwerks werden \u2013 diese k\u00f6nnen bei den sektor\u00fcbergreifenden und\/oder in sektorspezifischen Arbeitsgruppen und Workshops mitwirken.<\/p>\n<p>[\/et_pb_text][\/et_pb_column][\/et_pb_row][et_pb_row _builder_version=&#8220;4.9.2&#8243; _module_preset=&#8220;default&#8220;][et_pb_column type=&#8220;4_4&#8243; _builder_version=&#8220;4.9.2&#8243; _module_preset=&#8220;default&#8220;][et_pb_button button_url=&#8220;@ET-DC@eyJkeW5hbWljIjp0cnVlLCJjb250ZW50IjoicG9zdF9saW5rX3VybF9wYWdlIiwic2V0dGluZ3MiOnsicG9zdF9pZCI6IjM0NiJ9fQ==@&#8220; button_text=&#8220; Mitglied werden&#8220; button_alignment=&#8220;center&#8220; _builder_version=&#8220;4.9.2&#8243; _dynamic_attributes=&#8220;button_url&#8220; _module_preset=&#8220;default&#8220; custom_button=&#8220;on&#8220; button_text_size=&#8220;25px&#8220; button_text_color=&#8220;#FFFFFF&#8220; button_bg_color=&#8220;#E02B20&#8243; button_border_radius=&#8220;10px&#8220;][\/et_pb_button][\/et_pb_column][\/et_pb_row][\/et_pb_section]<\/p>\n","protected":false},"excerpt":{"rendered":"<p>[et_pb_section fb_built=&#8220;1&#8243; _builder_version=&#8220;4.9.2&#8243; _module_preset=&#8220;default&#8220;][et_pb_row _builder_version=&#8220;4.9.2&#8243; _module_preset=&#8220;default&#8220;][et_pb_column type=&#8220;4_4&#8243; _builder_version=&#8220;4.9.2&#8243; _module_preset=&#8220;default&#8220;][et_pb_text _builder_version=&#8220;4.9.2&#8243; _module_preset=&#8220;default&#8220; custom_margin=&#8220;-60px|||||&#8220; hover_enabled=&#8220;0&#8243; sticky_enabled=&#8220;0&#8243;] Hintergrund Die Grunds\u00e4tze der digitalen Selbstbestimmung sind in der bundesr\u00e4tlichen Strategie \u00abDigitale Schweiz\u00bb sowie der \u00abDigitalaussenpolitik\u00bb festgelegt. In diesem Kontext hat sich 2019 das Netzwerk \u00abDigitale Selbstbestimmung\u00bb formiert, um B\u00fcrgerinnen und B\u00fcrgern, Unternehmen und \u00f6ffentlichen Einrichtungen eine Nutzung der Datenwirtschaft auf [&hellip;]<\/p>\n","protected":false},"author":1,"featured_media":0,"parent":0,"menu_order":0,"comment_status":"closed","ping_status":"closed","template":"","meta":{"_et_pb_use_builder":"on","_et_pb_old_content":"","_et_gb_content_width":"","footnotes":""},"class_list":["post-238","page","type-page","status-publish","hentry"],"yoast_head":"<!-- This site is optimized with the Yoast SEO plugin v22.5 - https:\/\/yoast.com\/wordpress\/plugins\/seo\/ -->\n<title>About - Digitale Selbstbestimmung<\/title>\n<meta name=\"description\" content=\"Die Grunds\u00e4tze der digitalen Selbstbestimmung sind in der bundesr\u00e4tlichen Strategie \u00abDigitale Schweiz\u00bb sowie der \u00abDigitalaussenpolitik\u00bb festgelegt. In diesem Kontext hat sich 2019 das Netzwerk \u00abDigitale Selbstbestimmung\u00bb formiert, um B\u00fcrgerinnen und B\u00fcrgern, Unternehmen und \u00f6ffentlichen Einrichtungen eine Nutzung der Datenwirtschaft auf der Basis freiheitlich-demokratischer Grundwerte zu erm\u00f6glichen.\" \/>\n<meta name=\"robots\" content=\"index, follow, max-snippet:-1, max-image-preview:large, max-video-preview:-1\" \/>\n<link rel=\"canonical\" href=\"https:\/\/digitale-selbstbestimmung.swiss\/home\/238-2\/\" \/>\n<meta property=\"og:locale\" content=\"de_DE\" \/>\n<meta property=\"og:type\" content=\"article\" \/>\n<meta property=\"og:title\" content=\"About - Digitale Selbstbestimmung\" \/>\n<meta property=\"og:description\" content=\"Die Grunds\u00e4tze der digitalen Selbstbestimmung sind in der bundesr\u00e4tlichen Strategie \u00abDigitale Schweiz\u00bb sowie der \u00abDigitalaussenpolitik\u00bb festgelegt. In diesem Kontext hat sich 2019 das Netzwerk \u00abDigitale Selbstbestimmung\u00bb formiert, um B\u00fcrgerinnen und B\u00fcrgern, Unternehmen und \u00f6ffentlichen Einrichtungen eine Nutzung der Datenwirtschaft auf der Basis freiheitlich-demokratischer Grundwerte zu erm\u00f6glichen.\" \/>\n<meta property=\"og:url\" content=\"https:\/\/digitale-selbstbestimmung.swiss\/home\/238-2\/\" \/>\n<meta property=\"og:site_name\" content=\"Digitale Selbstbestimmung\" \/>\n<meta property=\"article:modified_time\" content=\"2022-12-20T16:19:43+00:00\" \/>\n<meta name=\"twitter:card\" content=\"summary_large_image\" \/>\n<meta name=\"twitter:label1\" content=\"Gesch\u00e4tzte Lesezeit\" \/>\n\t<meta name=\"twitter:data1\" content=\"3\u00a0Minuten\" \/>\n<script type=\"application\/ld+json\" class=\"yoast-schema-graph\">{\"@context\":\"https:\/\/schema.org\",\"@graph\":[{\"@type\":\"WebPage\",\"@id\":\"https:\/\/digitale-selbstbestimmung.swiss\/home\/238-2\/\",\"url\":\"https:\/\/digitale-selbstbestimmung.swiss\/home\/238-2\/\",\"name\":\"About - Digitale Selbstbestimmung\",\"isPartOf\":{\"@id\":\"https:\/\/digitale-selbstbestimmung.swiss\/home\/#website\"},\"datePublished\":\"2021-04-07T12:18:26+00:00\",\"dateModified\":\"2022-12-20T16:19:43+00:00\",\"description\":\"Die Grunds\u00e4tze der digitalen Selbstbestimmung sind in der bundesr\u00e4tlichen Strategie \u00abDigitale Schweiz\u00bb sowie der \u00abDigitalaussenpolitik\u00bb festgelegt. In diesem Kontext hat sich 2019 das Netzwerk \u00abDigitale Selbstbestimmung\u00bb formiert, um B\u00fcrgerinnen und B\u00fcrgern, Unternehmen und \u00f6ffentlichen Einrichtungen eine Nutzung der Datenwirtschaft auf der Basis freiheitlich-demokratischer Grundwerte zu erm\u00f6glichen.\",\"breadcrumb\":{\"@id\":\"https:\/\/digitale-selbstbestimmung.swiss\/home\/238-2\/#breadcrumb\"},\"inLanguage\":\"de\",\"potentialAction\":[{\"@type\":\"ReadAction\",\"target\":[\"https:\/\/digitale-selbstbestimmung.swiss\/home\/238-2\/\"]}]},{\"@type\":\"BreadcrumbList\",\"@id\":\"https:\/\/digitale-selbstbestimmung.swiss\/home\/238-2\/#breadcrumb\",\"itemListElement\":[{\"@type\":\"ListItem\",\"position\":1,\"name\":\"Startseite\",\"item\":\"https:\/\/digitale-selbstbestimmung.swiss\/home\/\"},{\"@type\":\"ListItem\",\"position\":2,\"name\":\"About\"}]},{\"@type\":\"WebSite\",\"@id\":\"https:\/\/digitale-selbstbestimmung.swiss\/home\/#website\",\"url\":\"https:\/\/digitale-selbstbestimmung.swiss\/home\/\",\"name\":\"Digitale Selbstbestimmung\",\"description\":\"\",\"publisher\":{\"@id\":\"https:\/\/digitale-selbstbestimmung.swiss\/home\/#organization\"},\"potentialAction\":[{\"@type\":\"SearchAction\",\"target\":{\"@type\":\"EntryPoint\",\"urlTemplate\":\"https:\/\/digitale-selbstbestimmung.swiss\/home\/?s={search_term_string}\"},\"query-input\":\"required name=search_term_string\"}],\"inLanguage\":\"de\"},{\"@type\":\"Organization\",\"@id\":\"https:\/\/digitale-selbstbestimmung.swiss\/home\/#organization\",\"name\":\"Netzwerk Digitale Selbstbestimmung\",\"url\":\"https:\/\/digitale-selbstbestimmung.swiss\/home\/\",\"logo\":{\"@type\":\"ImageObject\",\"inLanguage\":\"de\",\"@id\":\"https:\/\/digitale-selbstbestimmung.swiss\/home\/#\/schema\/logo\/image\/\",\"url\":\"https:\/\/digitale-selbstbestimmung.swiss\/wp-content\/uploads\/2021\/03\/LogoDigiSB.jpg\",\"contentUrl\":\"https:\/\/digitale-selbstbestimmung.swiss\/wp-content\/uploads\/2021\/03\/LogoDigiSB.jpg\",\"width\":1378,\"height\":660,\"caption\":\"Netzwerk Digitale Selbstbestimmung\"},\"image\":{\"@id\":\"https:\/\/digitale-selbstbestimmung.swiss\/home\/#\/schema\/logo\/image\/\"}}]}<\/script>\n<!-- \/ Yoast SEO plugin. -->","yoast_head_json":{"title":"About - Digitale Selbstbestimmung","description":"Die Grunds\u00e4tze der digitalen Selbstbestimmung sind in der bundesr\u00e4tlichen Strategie \u00abDigitale Schweiz\u00bb sowie der \u00abDigitalaussenpolitik\u00bb festgelegt. In diesem Kontext hat sich 2019 das Netzwerk \u00abDigitale Selbstbestimmung\u00bb formiert, um B\u00fcrgerinnen und B\u00fcrgern, Unternehmen und \u00f6ffentlichen Einrichtungen eine Nutzung der Datenwirtschaft auf der Basis freiheitlich-demokratischer Grundwerte zu erm\u00f6glichen.","robots":{"index":"index","follow":"follow","max-snippet":"max-snippet:-1","max-image-preview":"max-image-preview:large","max-video-preview":"max-video-preview:-1"},"canonical":"https:\/\/digitale-selbstbestimmung.swiss\/home\/238-2\/","og_locale":"de_DE","og_type":"article","og_title":"About - Digitale Selbstbestimmung","og_description":"Die Grunds\u00e4tze der digitalen Selbstbestimmung sind in der bundesr\u00e4tlichen Strategie \u00abDigitale Schweiz\u00bb sowie der \u00abDigitalaussenpolitik\u00bb festgelegt. In diesem Kontext hat sich 2019 das Netzwerk \u00abDigitale Selbstbestimmung\u00bb formiert, um B\u00fcrgerinnen und B\u00fcrgern, Unternehmen und \u00f6ffentlichen Einrichtungen eine Nutzung der Datenwirtschaft auf der Basis freiheitlich-demokratischer Grundwerte zu erm\u00f6glichen.","og_url":"https:\/\/digitale-selbstbestimmung.swiss\/home\/238-2\/","og_site_name":"Digitale Selbstbestimmung","article_modified_time":"2022-12-20T16:19:43+00:00","twitter_card":"summary_large_image","twitter_misc":{"Gesch\u00e4tzte Lesezeit":"3\u00a0Minuten"},"schema":{"@context":"https:\/\/schema.org","@graph":[{"@type":"WebPage","@id":"https:\/\/digitale-selbstbestimmung.swiss\/home\/238-2\/","url":"https:\/\/digitale-selbstbestimmung.swiss\/home\/238-2\/","name":"About - Digitale Selbstbestimmung","isPartOf":{"@id":"https:\/\/digitale-selbstbestimmung.swiss\/home\/#website"},"datePublished":"2021-04-07T12:18:26+00:00","dateModified":"2022-12-20T16:19:43+00:00","description":"Die Grunds\u00e4tze der digitalen Selbstbestimmung sind in der bundesr\u00e4tlichen Strategie \u00abDigitale Schweiz\u00bb sowie der \u00abDigitalaussenpolitik\u00bb festgelegt. In diesem Kontext hat sich 2019 das Netzwerk \u00abDigitale Selbstbestimmung\u00bb formiert, um B\u00fcrgerinnen und B\u00fcrgern, Unternehmen und \u00f6ffentlichen Einrichtungen eine Nutzung der Datenwirtschaft auf der Basis freiheitlich-demokratischer Grundwerte zu erm\u00f6glichen.","breadcrumb":{"@id":"https:\/\/digitale-selbstbestimmung.swiss\/home\/238-2\/#breadcrumb"},"inLanguage":"de","potentialAction":[{"@type":"ReadAction","target":["https:\/\/digitale-selbstbestimmung.swiss\/home\/238-2\/"]}]},{"@type":"BreadcrumbList","@id":"https:\/\/digitale-selbstbestimmung.swiss\/home\/238-2\/#breadcrumb","itemListElement":[{"@type":"ListItem","position":1,"name":"Startseite","item":"https:\/\/digitale-selbstbestimmung.swiss\/home\/"},{"@type":"ListItem","position":2,"name":"About"}]},{"@type":"WebSite","@id":"https:\/\/digitale-selbstbestimmung.swiss\/home\/#website","url":"https:\/\/digitale-selbstbestimmung.swiss\/home\/","name":"Digitale Selbstbestimmung","description":"","publisher":{"@id":"https:\/\/digitale-selbstbestimmung.swiss\/home\/#organization"},"potentialAction":[{"@type":"SearchAction","target":{"@type":"EntryPoint","urlTemplate":"https:\/\/digitale-selbstbestimmung.swiss\/home\/?s={search_term_string}"},"query-input":"required name=search_term_string"}],"inLanguage":"de"},{"@type":"Organization","@id":"https:\/\/digitale-selbstbestimmung.swiss\/home\/#organization","name":"Netzwerk Digitale Selbstbestimmung","url":"https:\/\/digitale-selbstbestimmung.swiss\/home\/","logo":{"@type":"ImageObject","inLanguage":"de","@id":"https:\/\/digitale-selbstbestimmung.swiss\/home\/#\/schema\/logo\/image\/","url":"https:\/\/digitale-selbstbestimmung.swiss\/wp-content\/uploads\/2021\/03\/LogoDigiSB.jpg","contentUrl":"https:\/\/digitale-selbstbestimmung.swiss\/wp-content\/uploads\/2021\/03\/LogoDigiSB.jpg","width":1378,"height":660,"caption":"Netzwerk Digitale Selbstbestimmung"},"image":{"@id":"https:\/\/digitale-selbstbestimmung.swiss\/home\/#\/schema\/logo\/image\/"}}]}},"_links":{"self":[{"href":"https:\/\/digitale-selbstbestimmung.swiss\/home\/wp-json\/wp\/v2\/pages\/238","targetHints":{"allow":["GET"]}}],"collection":[{"href":"https:\/\/digitale-selbstbestimmung.swiss\/home\/wp-json\/wp\/v2\/pages"}],"about":[{"href":"https:\/\/digitale-selbstbestimmung.swiss\/home\/wp-json\/wp\/v2\/types\/page"}],"author":[{"embeddable":true,"href":"https:\/\/digitale-selbstbestimmung.swiss\/home\/wp-json\/wp\/v2\/users\/1"}],"replies":[{"embeddable":true,"href":"https:\/\/digitale-selbstbestimmung.swiss\/home\/wp-json\/wp\/v2\/comments?post=238"}],"version-history":[{"count":23,"href":"https:\/\/digitale-selbstbestimmung.swiss\/home\/wp-json\/wp\/v2\/pages\/238\/revisions"}],"predecessor-version":[{"id":598,"href":"https:\/\/digitale-selbstbestimmung.swiss\/home\/wp-json\/wp\/v2\/pages\/238\/revisions\/598"}],"wp:attachment":[{"href":"https:\/\/digitale-selbstbestimmung.swiss\/home\/wp-json\/wp\/v2\/media?parent=238"}],"curies":[{"name":"wp","href":"https:\/\/api.w.org\/{rel}","templated":true}]}}