{"id":245,"date":"2021-04-07T14:34:25","date_gmt":"2021-04-07T12:34:25","guid":{"rendered":"https:\/\/digitale-selbstbestimmung.swiss\/?page_id=245"},"modified":"2024-04-19T16:10:15","modified_gmt":"2024-04-19T14:10:15","slug":"245-2","status":"publish","type":"page","link":"https:\/\/digitale-selbstbestimmung.swiss\/home\/245-2\/","title":{"rendered":"Dokumente"},"content":{"rendered":"<p>[et_pb_section fb_built=&#8220;1&#8243; _builder_version=&#8220;4.9.2&#8243; _module_preset=&#8220;default&#8220;][et_pb_row _builder_version=&#8220;4.9.2&#8243; _module_preset=&#8220;default&#8220; custom_padding=&#8220;0px|||||&#8220;][et_pb_column type=&#8220;4_4&#8243; _builder_version=&#8220;4.9.2&#8243; _module_preset=&#8220;default&#8220;][et_pb_text _builder_version=&#8220;4.9.2&#8243; _module_preset=&#8220;default&#8220; custom_margin=&#8220;-46px|||||&#8220; custom_padding=&#8220;0px|||||&#8220;]<\/p>\n<p><strong>Bericht zur F\u00f6rderung von vertrauensw\u00fcrdigen Datenr\u00e4umen und der digitalen Selbstbestimmung <\/strong><\/p>\n<p>Am 30. M\u00e4rz 2022 hat der Bundesrat den Bericht \u00abSchaffung von vertrauensw\u00fcrdigen Datenr\u00e4umen basierend auf der digitalen Selbstbestimmung\u00bb des UVEK (BAKOM) und des EDA (DV) zur Kenntnis genommen.<\/p>\n<p>Der Bericht legt dar, dass das Potenzial der Datennutzung heute in der Schweiz aus verschiedenen Gr\u00fcnden nicht voll ausgesch\u00f6pft wird. Der Bericht identifiziert die Schaffung von vertrauensw\u00fcrdigen Datenr\u00e4umen als vielversprechenden Ansatz. Das Datennutzungskonzept der digitalen Selbstbestimmung erm\u00f6glicht es, den Zugang zu Daten zu verbessern und gleichzeitig die Kontrolle \u00fcber die eigenen Daten zu st\u00e4rken.<\/p>\n<p>Gest\u00fctzt auf den Bericht beauftragt der Bundesrat das EDA und das UVEK mit der Erarbeitung eines freiwilligen Verhaltenskodex f\u00fcr den Betrieb von vertrauensw\u00fcrdigen Datenr\u00e4umen sowie der Entwicklung von Ans\u00e4tzen zur St\u00e4rkung der Interoperabilit\u00e4t zwischen Datenr\u00e4umen. Das nationale Netzwerk Digitale Selbstbestimmung wird in diese Arbeiten miteinbezogen.<\/p>\n<p>PDF : <span style=\"color: #0c71c3;\"><a style=\"color: #0c71c3;\" href=\"https:\/\/digitale-selbstbestimmung.swiss\/wp-content\/uploads\/2022\/05\/Bericht_Schaffung-von-vertrauenswuerdigen-Datenraeumen-basierend-auf-digitaler-Selbstbestimmung_BAKOM_EDA_DV.pdf\" target=\"_blank\" rel=\"noopener\">Bericht Schaffung von vertrauensw\u00fcrdigen Datenr\u00e4umen basierend auf digitaler Selbstbestimmung<\/a><\/span><br \/>\nMedienmitteilung: <span style=\"color: #0c71c3;\"><a style=\"color: #0c71c3;\" href=\"https:\/\/www.admin.ch\/gov\/de\/start\/dokumentation\/medienmitteilungen.msg-id-87780.html\">https:\/\/www.admin.ch\/gov\/de\/start\/dokumentation\/medienmitteilungen.msg-id-87780.html<\/a><\/span><\/p>\n<p><strong>Diskussionspapier Digitale Selbstbestimmung<\/strong><\/p>\n<p>Dieses Diskussionspapier gibt eine Einf\u00fchrung in die Schweizer Initiative \u00abNetzwerk digitale Selbstbestimmung\u00bb. Es wurde von einer Arbeitsgruppe bestehend aus Vertreterinnen und Vertretern der Bundesverwaltung, Forschung und Wirtschaft erarbeitet. Ziel dieses Papiers ist, das Konzept \u00abDigitale Selbstbestimmung\u00bb f\u00fcr einen breiten Kreis von Leserinnen und Lesern zug\u00e4nglich zu machen und Ideen f\u00fcr die weitere Umsetzung aufzuzeigen.<\/p>\n<p>Auf einen allgemeinen Beschrieb in der Einleitung folgen Ausf\u00fchrungen zur Relevanz der digitalen Selbstbestimmung. Anschliessend werden Grundprinzipien, rechtliche Aspekte und der Aufbau vertrauensw\u00fcrdiger Datenr\u00e4ume als zentrale Bausteine der digitalen Selbstbestimmung dargestellt. In den drei Anh\u00e4ngen finden sich illustrative, fiktive Beispiele aus den Sektoren Mobilit\u00e4t, Bildung und Energie.<\/p>\n<p>PDF: <span style=\"color: #0c71c3;\"><a style=\"color: #0c71c3;\" href=\"https:\/\/digitale-selbstbestimmung.swiss\/wp-content\/uploads\/2021\/04\/Digitale-Selbstbestimmung-Diskussionspapier.pdf\" target=\"_blank\" rel=\"attachment noopener wp-att-455\">Digitale Selbstbestimmung Diskussionspapier<\/a><\/span><\/p>\n<p><strong>Ver\u00f6ffentlichung Datenraum Bed\u00fcrfnisanalyse von BEI<\/strong><\/p>\n<p>Um die Bed\u00fcrfnisse der Individuen der Schweiz in Bezug auf das Teilen und die Nutzung von Daten in Datenr\u00e4umen sowie deren Ausgestaltung zu identifizieren und somit die Bev\u00f6lkerung in den Prozess zur Entwicklung von vertrauensw\u00fcrdigen Datenr\u00e4umen mit einzubeziehen, hat das Business Engineering Institute St. Gallen in Zusammenarbeit mit der Universit\u00e4t Lausanne eine Studie erarbeitet. Die Studie wurde durch einen Beitrag der Direktion f\u00fcr V\u00f6lkerrecht des Eidgen\u00f6ssischen Departements f\u00fcr ausw\u00e4rtige Angelegenheiten mitfinanziert.<\/p>\n<p>Zusammenfassend l\u00e4sst sich aus den Ergebnissen der Studie erkennen, dass die Individuen der Schweiz einen Bedarf f\u00fcr vertrauensw\u00fcrdige Datenr\u00e4ume in der Schweiz sehen und dank bereits heute grosser Datenkompetenz in der Lage sind, Nutzen und Risiken unterschiedlicher Anwendungsszenarien abzusch\u00e4tzen und zu differenzieren.<\/p>\n<p>PDF: <span style=\"color: #0c71c3;\"><a style=\"color: #0c71c3;\" href=\"https:\/\/digitale-selbstbestimmung.swiss\/wp-content\/uploads\/2024\/04\/DE_BEI_Beduerfnisanalyse_Finale-Studie-Vertrauenswuerdige-Datenraeume-2023.pdf\" target=\"_blank\" rel=\"attachment noopener wp-att-455\">Datenraum Bed\u00fcrfnisanalyse<\/a><\/span><\/p>\n<p><strong>Aktuelle Links<br \/>\n<\/strong>SATW: <span style=\"color: #0c71c3;\"><a style=\"color: #0c71c3;\" href=\"https:\/\/www.satw.ch\/de\/\" target=\"_blank\" rel=\"noopener\">www.satw.ch\/de<\/a><br \/>\n<span style=\"color: #000000;\">Swiss Data Aliance: <span style=\"color: #0c71c3;\"><a style=\"color: #0c71c3;\" href=\"https:\/\/www.swissdataalliance.ch\/\" target=\"_blank\" rel=\"noopener\">www.swissdataalliance.ch<\/a><br \/>\n<span style=\"color: #000000;\">D\u00e9partement f\u00e9d\u00e9ral des affaires \u00e9trang\u00e8res <span style=\"color: #0c71c3;\"><a style=\"color: #0c71c3;\" href=\"https:\/\/www.eda.admin.ch\/eda\/de\/home\/das-eda\/organisation-deseda\/direktionen-abteilungen\/direktion-fuer-voelkerrecht.html\" target=\"_blank\" rel=\"noopener\">www.eda.admin.ch\/eda\/de<\/a><br \/>\n<span style=\"color: #000000;\">Office f\u00e9d\u00e9ral de la communication <a href=\"https:\/\/www.bakom.admin.ch\/bakom\/de\/home.html\" target=\"_blank\" rel=\"noopener\"><span style=\"color: #0c71c3;\">www.bakom.admin.ch\/bakom\/de<\/span><\/a><\/span><\/span><\/span><\/span><\/span><\/span><a href=\"https:\/\/www.bakom.admin.ch\/bakom\/fr\/page-daccueil.html\" target=\"_blank\" rel=\"noopener\"><span style=\"color: #0c71c3;\">\u00a0<\/span><\/a><\/p>\n<h1><\/h1>\n<p>[\/et_pb_text][\/et_pb_column][\/et_pb_row][\/et_pb_section]<\/p>\n","protected":false},"excerpt":{"rendered":"<p>[et_pb_section fb_built=&#8220;1&#8243; _builder_version=&#8220;4.9.2&#8243; _module_preset=&#8220;default&#8220;][et_pb_row _builder_version=&#8220;4.9.2&#8243; _module_preset=&#8220;default&#8220; custom_padding=&#8220;0px|||||&#8220;][et_pb_column type=&#8220;4_4&#8243; _builder_version=&#8220;4.9.2&#8243; _module_preset=&#8220;default&#8220;][et_pb_text _builder_version=&#8220;4.9.2&#8243; _module_preset=&#8220;default&#8220; custom_margin=&#8220;-46px|||||&#8220; custom_padding=&#8220;0px|||||&#8220;] Bericht zur F\u00f6rderung von vertrauensw\u00fcrdigen Datenr\u00e4umen und der digitalen Selbstbestimmung Am 30. M\u00e4rz 2022 hat der Bundesrat den Bericht \u00abSchaffung von vertrauensw\u00fcrdigen Datenr\u00e4umen basierend auf der digitalen Selbstbestimmung\u00bb des UVEK (BAKOM) und des EDA (DV) zur Kenntnis genommen. Der Bericht legt [&hellip;]<\/p>\n","protected":false},"author":1,"featured_media":0,"parent":0,"menu_order":0,"comment_status":"closed","ping_status":"closed","template":"","meta":{"_et_pb_use_builder":"on","_et_pb_old_content":"","_et_gb_content_width":"","footnotes":""},"class_list":["post-245","page","type-page","status-publish","hentry"],"yoast_head":"<!-- This site is optimized with the Yoast SEO plugin v22.5 - https:\/\/yoast.com\/wordpress\/plugins\/seo\/ -->\n<title>Dokumente - Digitale Selbstbestimmung<\/title>\n<meta name=\"description\" content=\"Dieses Diskussionspapier gibt eine Einf\u00fchrung in die Schweizer Initiative \u00abNetzwerk digitale Selbstbestimmung\u00bb. Es wurde von einer Arbeitsgruppe bestehend aus Vertreterinnen und Vertretern der Bundesverwaltung, Forschung und Wirtschaft erarbeitet.\" \/>\n<meta name=\"robots\" content=\"index, follow, max-snippet:-1, max-image-preview:large, max-video-preview:-1\" \/>\n<link rel=\"canonical\" href=\"https:\/\/digitale-selbstbestimmung.swiss\/home\/245-2\/\" \/>\n<meta property=\"og:locale\" content=\"de_DE\" \/>\n<meta property=\"og:type\" content=\"article\" \/>\n<meta property=\"og:title\" content=\"Dokumente - Digitale Selbstbestimmung\" \/>\n<meta property=\"og:description\" content=\"Dieses Diskussionspapier gibt eine Einf\u00fchrung in die Schweizer Initiative \u00abNetzwerk digitale Selbstbestimmung\u00bb. Es wurde von einer Arbeitsgruppe bestehend aus Vertreterinnen und Vertretern der Bundesverwaltung, Forschung und Wirtschaft erarbeitet.\" \/>\n<meta property=\"og:url\" content=\"https:\/\/digitale-selbstbestimmung.swiss\/home\/245-2\/\" \/>\n<meta property=\"og:site_name\" content=\"Digitale Selbstbestimmung\" \/>\n<meta property=\"article:modified_time\" content=\"2024-04-19T14:10:15+00:00\" \/>\n<meta name=\"twitter:card\" content=\"summary_large_image\" \/>\n<meta name=\"twitter:label1\" content=\"Gesch\u00e4tzte Lesezeit\" \/>\n\t<meta name=\"twitter:data1\" content=\"3\u00a0Minuten\" \/>\n<script type=\"application\/ld+json\" class=\"yoast-schema-graph\">{\"@context\":\"https:\/\/schema.org\",\"@graph\":[{\"@type\":\"WebPage\",\"@id\":\"https:\/\/digitale-selbstbestimmung.swiss\/home\/245-2\/\",\"url\":\"https:\/\/digitale-selbstbestimmung.swiss\/home\/245-2\/\",\"name\":\"Dokumente - Digitale Selbstbestimmung\",\"isPartOf\":{\"@id\":\"https:\/\/digitale-selbstbestimmung.swiss\/home\/#website\"},\"datePublished\":\"2021-04-07T12:34:25+00:00\",\"dateModified\":\"2024-04-19T14:10:15+00:00\",\"description\":\"Dieses Diskussionspapier gibt eine Einf\u00fchrung in die Schweizer Initiative \u00abNetzwerk digitale Selbstbestimmung\u00bb. Es wurde von einer Arbeitsgruppe bestehend aus Vertreterinnen und Vertretern der Bundesverwaltung, Forschung und Wirtschaft erarbeitet.\",\"breadcrumb\":{\"@id\":\"https:\/\/digitale-selbstbestimmung.swiss\/home\/245-2\/#breadcrumb\"},\"inLanguage\":\"de\",\"potentialAction\":[{\"@type\":\"ReadAction\",\"target\":[\"https:\/\/digitale-selbstbestimmung.swiss\/home\/245-2\/\"]}]},{\"@type\":\"BreadcrumbList\",\"@id\":\"https:\/\/digitale-selbstbestimmung.swiss\/home\/245-2\/#breadcrumb\",\"itemListElement\":[{\"@type\":\"ListItem\",\"position\":1,\"name\":\"Startseite\",\"item\":\"https:\/\/digitale-selbstbestimmung.swiss\/home\/\"},{\"@type\":\"ListItem\",\"position\":2,\"name\":\"Dokumente\"}]},{\"@type\":\"WebSite\",\"@id\":\"https:\/\/digitale-selbstbestimmung.swiss\/home\/#website\",\"url\":\"https:\/\/digitale-selbstbestimmung.swiss\/home\/\",\"name\":\"Digitale Selbstbestimmung\",\"description\":\"\",\"publisher\":{\"@id\":\"https:\/\/digitale-selbstbestimmung.swiss\/home\/#organization\"},\"potentialAction\":[{\"@type\":\"SearchAction\",\"target\":{\"@type\":\"EntryPoint\",\"urlTemplate\":\"https:\/\/digitale-selbstbestimmung.swiss\/home\/?s={search_term_string}\"},\"query-input\":\"required name=search_term_string\"}],\"inLanguage\":\"de\"},{\"@type\":\"Organization\",\"@id\":\"https:\/\/digitale-selbstbestimmung.swiss\/home\/#organization\",\"name\":\"Netzwerk Digitale Selbstbestimmung\",\"url\":\"https:\/\/digitale-selbstbestimmung.swiss\/home\/\",\"logo\":{\"@type\":\"ImageObject\",\"inLanguage\":\"de\",\"@id\":\"https:\/\/digitale-selbstbestimmung.swiss\/home\/#\/schema\/logo\/image\/\",\"url\":\"https:\/\/digitale-selbstbestimmung.swiss\/wp-content\/uploads\/2021\/03\/LogoDigiSB.jpg\",\"contentUrl\":\"https:\/\/digitale-selbstbestimmung.swiss\/wp-content\/uploads\/2021\/03\/LogoDigiSB.jpg\",\"width\":1378,\"height\":660,\"caption\":\"Netzwerk Digitale Selbstbestimmung\"},\"image\":{\"@id\":\"https:\/\/digitale-selbstbestimmung.swiss\/home\/#\/schema\/logo\/image\/\"}}]}<\/script>\n<!-- \/ Yoast SEO plugin. -->","yoast_head_json":{"title":"Dokumente - Digitale Selbstbestimmung","description":"Dieses Diskussionspapier gibt eine Einf\u00fchrung in die Schweizer Initiative \u00abNetzwerk digitale Selbstbestimmung\u00bb. Es wurde von einer Arbeitsgruppe bestehend aus Vertreterinnen und Vertretern der Bundesverwaltung, Forschung und Wirtschaft erarbeitet.","robots":{"index":"index","follow":"follow","max-snippet":"max-snippet:-1","max-image-preview":"max-image-preview:large","max-video-preview":"max-video-preview:-1"},"canonical":"https:\/\/digitale-selbstbestimmung.swiss\/home\/245-2\/","og_locale":"de_DE","og_type":"article","og_title":"Dokumente - Digitale Selbstbestimmung","og_description":"Dieses Diskussionspapier gibt eine Einf\u00fchrung in die Schweizer Initiative \u00abNetzwerk digitale Selbstbestimmung\u00bb. Es wurde von einer Arbeitsgruppe bestehend aus Vertreterinnen und Vertretern der Bundesverwaltung, Forschung und Wirtschaft erarbeitet.","og_url":"https:\/\/digitale-selbstbestimmung.swiss\/home\/245-2\/","og_site_name":"Digitale Selbstbestimmung","article_modified_time":"2024-04-19T14:10:15+00:00","twitter_card":"summary_large_image","twitter_misc":{"Gesch\u00e4tzte Lesezeit":"3\u00a0Minuten"},"schema":{"@context":"https:\/\/schema.org","@graph":[{"@type":"WebPage","@id":"https:\/\/digitale-selbstbestimmung.swiss\/home\/245-2\/","url":"https:\/\/digitale-selbstbestimmung.swiss\/home\/245-2\/","name":"Dokumente - Digitale Selbstbestimmung","isPartOf":{"@id":"https:\/\/digitale-selbstbestimmung.swiss\/home\/#website"},"datePublished":"2021-04-07T12:34:25+00:00","dateModified":"2024-04-19T14:10:15+00:00","description":"Dieses Diskussionspapier gibt eine Einf\u00fchrung in die Schweizer Initiative \u00abNetzwerk digitale Selbstbestimmung\u00bb. Es wurde von einer Arbeitsgruppe bestehend aus Vertreterinnen und Vertretern der Bundesverwaltung, Forschung und Wirtschaft erarbeitet.","breadcrumb":{"@id":"https:\/\/digitale-selbstbestimmung.swiss\/home\/245-2\/#breadcrumb"},"inLanguage":"de","potentialAction":[{"@type":"ReadAction","target":["https:\/\/digitale-selbstbestimmung.swiss\/home\/245-2\/"]}]},{"@type":"BreadcrumbList","@id":"https:\/\/digitale-selbstbestimmung.swiss\/home\/245-2\/#breadcrumb","itemListElement":[{"@type":"ListItem","position":1,"name":"Startseite","item":"https:\/\/digitale-selbstbestimmung.swiss\/home\/"},{"@type":"ListItem","position":2,"name":"Dokumente"}]},{"@type":"WebSite","@id":"https:\/\/digitale-selbstbestimmung.swiss\/home\/#website","url":"https:\/\/digitale-selbstbestimmung.swiss\/home\/","name":"Digitale Selbstbestimmung","description":"","publisher":{"@id":"https:\/\/digitale-selbstbestimmung.swiss\/home\/#organization"},"potentialAction":[{"@type":"SearchAction","target":{"@type":"EntryPoint","urlTemplate":"https:\/\/digitale-selbstbestimmung.swiss\/home\/?s={search_term_string}"},"query-input":"required name=search_term_string"}],"inLanguage":"de"},{"@type":"Organization","@id":"https:\/\/digitale-selbstbestimmung.swiss\/home\/#organization","name":"Netzwerk Digitale Selbstbestimmung","url":"https:\/\/digitale-selbstbestimmung.swiss\/home\/","logo":{"@type":"ImageObject","inLanguage":"de","@id":"https:\/\/digitale-selbstbestimmung.swiss\/home\/#\/schema\/logo\/image\/","url":"https:\/\/digitale-selbstbestimmung.swiss\/wp-content\/uploads\/2021\/03\/LogoDigiSB.jpg","contentUrl":"https:\/\/digitale-selbstbestimmung.swiss\/wp-content\/uploads\/2021\/03\/LogoDigiSB.jpg","width":1378,"height":660,"caption":"Netzwerk Digitale Selbstbestimmung"},"image":{"@id":"https:\/\/digitale-selbstbestimmung.swiss\/home\/#\/schema\/logo\/image\/"}}]}},"_links":{"self":[{"href":"https:\/\/digitale-selbstbestimmung.swiss\/home\/wp-json\/wp\/v2\/pages\/245","targetHints":{"allow":["GET"]}}],"collection":[{"href":"https:\/\/digitale-selbstbestimmung.swiss\/home\/wp-json\/wp\/v2\/pages"}],"about":[{"href":"https:\/\/digitale-selbstbestimmung.swiss\/home\/wp-json\/wp\/v2\/types\/page"}],"author":[{"embeddable":true,"href":"https:\/\/digitale-selbstbestimmung.swiss\/home\/wp-json\/wp\/v2\/users\/1"}],"replies":[{"embeddable":true,"href":"https:\/\/digitale-selbstbestimmung.swiss\/home\/wp-json\/wp\/v2\/comments?post=245"}],"version-history":[{"count":35,"href":"https:\/\/digitale-selbstbestimmung.swiss\/home\/wp-json\/wp\/v2\/pages\/245\/revisions"}],"predecessor-version":[{"id":606,"href":"https:\/\/digitale-selbstbestimmung.swiss\/home\/wp-json\/wp\/v2\/pages\/245\/revisions\/606"}],"wp:attachment":[{"href":"https:\/\/digitale-selbstbestimmung.swiss\/home\/wp-json\/wp\/v2\/media?parent=245"}],"curies":[{"name":"wp","href":"https:\/\/api.w.org\/{rel}","templated":true}]}}